{"id":434,"date":"2023-12-27T18:50:28","date_gmt":"2023-12-27T18:50:28","guid":{"rendered":"https:\/\/nw489nap.at.edis.global\/?page_id=434"},"modified":"2025-11-12T13:26:30","modified_gmt":"2025-11-12T13:26:30","slug":"impressum","status":"publish","type":"page","link":"https:\/\/www.textildruckimst.com\/en\/impressum\/","title":{"rendered":"Imprint"},"content":{"rendered":"<div data-elementor-type=\"wp-page\" data-elementor-id=\"434\" class=\"elementor elementor-434\" data-elementor-post-type=\"page\">\n\t\t\t\t<div class=\"aux-parallax-section elementor-element elementor-element-1e306be e-flex e-con-boxed e-con e-parent\" data-id=\"1e306be\" data-element_type=\"container\" data-settings=\"{&quot;background_background&quot;:&quot;classic&quot;}\">\n\t\t\t\t\t<div class=\"e-con-inner\">\n\t\t\t\t\t<\/div>\n\t\t\t\t<\/div>\n\t\t<div class=\"aux-parallax-section elementor-element elementor-element-46e433e e-flex e-con-boxed e-con e-parent\" data-id=\"46e433e\" data-element_type=\"container\" data-settings=\"{&quot;background_background&quot;:&quot;classic&quot;}\">\n\t\t\t\t\t<div class=\"e-con-inner\">\n\t\t\t\t<div class=\"elementor-element elementor-element-19e3bac elementor-widget elementor-widget-heading\" data-id=\"19e3bac\" data-element_type=\"widget\" data-widget_type=\"heading.default\">\n\t\t\t\t<div class=\"elementor-widget-container\">\n\t\t\t\t\t<h1 class=\"elementor-heading-title elementor-size-default\">Imprint<\/h1>\t\t\t\t<\/div>\n\t\t\t\t<\/div>\n\t\t\t\t<div class=\"elementor-element elementor-element-812df3c elementor-widget elementor-widget-text-editor\" data-id=\"812df3c\" data-element_type=\"widget\" data-widget_type=\"text-editor.default\">\n\t\t\t\t<div class=\"elementor-widget-container\">\n\t\t\t\t\t\t\t\t\t<p style=\"font-weight: 400\">Textildruck Imst GmbH &amp; Co KG<br \/>Industriezone 4<br \/>6460 Imst<br \/>AUSTRIA<\/p><p class=\"font_8 wixui-rich-text__text\"><span style=\"text-align: var(--text-align);background-color: var( --e-global-color-secondary );color: var( --e-global-color-text );letter-spacing: 0.6px\">Managing Directors<br \/><\/span><span style=\"text-align: var(--text-align);background-color: var( --e-global-color-secondary );color: var( --e-global-color-text );letter-spacing: 0.6px\">Christian Otten<\/span><\/p><p class=\"font_8 wixui-rich-text__text\"><span class=\"wixui-rich-text__text\">Contact<br class=\"wixui-rich-text__text\" \/>Tel. +43 5412 69440<br class=\"wixui-rich-text__text\" \/>Web: www.tdimst.at<\/span><\/p><p>Firmenbucheintrag:<\/p><p style=\"font-weight: 400\">Bezirksgericht Imst DVR0773999<br \/>FN227374z<br \/>UID Nr.: ATU56292844<\/p><p class=\"font_8 wixui-rich-text__text\"><span class=\"wixui-rich-text__text\">Basic direction:<br class=\"wixui-rich-text__text\" \/>Die vorliegende Website ist ein Online-Angebot der Firma Textildruck Imst GmbH &amp; Co KG im Internet. Unter dieser Web-Adresse und allf\u00e4lliger Subdomains werden umfangreiche Informations- und Online-Dienste zu Produkten und Leistungen unseres Unternehmens bereit gestellt.<\/span><\/p><p class=\"font_8 wixui-rich-text__text translation-block\">Copyright, trademark and industrial property rights:\nAll content on this website is protected by copyright. Texts, images, graphics, sound, animations and videos are protected by copyright and other protective laws. The content may not be copied, distributed, modified or made accessible to third parties for commercial purposes. Any use, in particular storage in databases, duplication, distribution, editing and any form of commercial use as well as disclosure to third parties - even in part or in revised form - without the consent of the operator or the author is prohibited.\nThe use of this website is at the user's own risk. We assume no liability for constant availability, nor for the published contributions, offers, services and services with regard to correctness, completeness and functionality. The warranty is governed by the statutory provisions. Any liability for damages arising directly or indirectly from the use of this website is excluded.\nThis website and the associated services are operated with the utmost care, reliability and availability. For technical reasons, however, it is not possible for these services to be accessible without interruption, for the desired connections to always be established or for stored data to be retained under all circumstances. Constant availability can therefore not be guaranteed. IP connectivity to other network operators is provided as far as possible. Any liability for problems caused by third-party networks is excluded. The use of other networks is subject to the terms of use of the respective operators.\nIn the event of force majeure, strikes, restrictions on the services of other network operators or repair and maintenance work, restrictions or interruptions may occur, whereby no liability is accepted for such failures.<\/p><p class=\"font_8 wixui-rich-text__text translation-block\">Links:\nWe accept no liability for the content, functionality and availability of the linked website(s) in the case of links to other online offers. This also applies to all other direct or indirect references or links to external websites. Links to this website are welcome if they are designed as external links in a separate browser window. A transfer of the main window into a frame of the link setter is not permitted. If a website to which we have linked contains illegal content, please inform us and the link will be removed immediately.<\/p><p class=\"font_8 wixui-rich-text__text\"><span class=\"wixui-rich-text__text\">Website-Support:<br class=\"wixui-rich-text__text\" \/>rocomp it management &#8211; <a href=\"https:\/\/www.rocomp.at\/\">www.rocomp.at<\/a><br \/>Webdesign: <a href=\"https:\/\/www.longsunday.com\/\">Mathias Vetterlein I www.longsunday.com<\/a><\/span><\/p>\t\t\t\t\t\t\t\t<\/div>\n\t\t\t\t<\/div>\n\t\t\t\t\t<\/div>\n\t\t\t\t<\/div>\n\t\t\t\t<\/div>","protected":false},"excerpt":{"rendered":"<p>Impressum Textildruck Imst GmbH &amp; Co KGIndustriezone 46460 ImstAUSTRIA Gesch\u00e4ftsf\u00fchrer:Christian Otten Kontakt:Tel. +43 5412 69440Web: www.tdimst.at Firmenbucheintrag: Bezirksgericht Imst DVR0773999FN227374zUID Nr.: ATU56292844 Grundlegende Richtung:Die vorliegende Website ist ein Online-Angebot der Firma Textildruck Imst GmbH &amp; Co KG im Internet. Unter dieser Web-Adresse und allf\u00e4lliger Subdomains werden umfangreiche Informations- und Online-Dienste zu Produkten und Leistungen unseres [&hellip;]<\/p>","protected":false},"author":1,"featured_media":0,"parent":0,"menu_order":0,"comment_status":"closed","ping_status":"closed","template":"elementor_header_footer","meta":{"footnotes":""},"class_list":["post-434","page","type-page","status-publish","hentry"],"yoast_head":"<!-- This site is optimized with the Yoast SEO plugin v26.6 - https:\/\/yoast.com\/wordpress\/plugins\/seo\/ -->\n<title>Impressum - Textildruck Imst GmbH<\/title>\n<meta name=\"robots\" content=\"index, follow, max-snippet:-1, max-image-preview:large, max-video-preview:-1\" \/>\n<link rel=\"canonical\" href=\"https:\/\/www.textildruckimst.com\/en\/impressum\/\" \/>\n<meta property=\"og:locale\" content=\"en_GB\" \/>\n<meta property=\"og:type\" content=\"article\" \/>\n<meta property=\"og:title\" content=\"Impressum - Textildruck Imst GmbH\" \/>\n<meta property=\"og:description\" content=\"Impressum Textildruck Imst GmbH &amp; Co KGIndustriezone 46460 ImstAUSTRIA Gesch\u00e4ftsf\u00fchrer:Christian Otten Kontakt:Tel. +43 5412 69440Web: www.tdimst.at Firmenbucheintrag: Bezirksgericht Imst DVR0773999FN227374zUID Nr.: ATU56292844 Grundlegende Richtung:Die vorliegende Website ist ein Online-Angebot der Firma Textildruck Imst GmbH &amp; Co KG im Internet. Unter dieser Web-Adresse und allf\u00e4lliger Subdomains werden umfangreiche Informations- und Online-Dienste zu Produkten und Leistungen unseres [&hellip;]\" \/>\n<meta property=\"og:url\" content=\"https:\/\/www.textildruckimst.com\/en\/impressum\/\" \/>\n<meta property=\"og:site_name\" content=\"Textildruck Imst GmbH\" \/>\n<meta property=\"article:modified_time\" content=\"2025-11-12T13:26:30+00:00\" \/>\n<meta name=\"twitter:card\" content=\"summary_large_image\" \/>\n<meta name=\"twitter:label1\" content=\"Estimated reading time\" \/>\n\t<meta name=\"twitter:data1\" content=\"3 minutes\" \/>\n<script type=\"application\/ld+json\" class=\"yoast-schema-graph\">{\"@context\":\"https:\/\/schema.org\",\"@graph\":[{\"@type\":\"WebPage\",\"@id\":\"https:\/\/www.textildruckimst.com\/impressum\/\",\"url\":\"https:\/\/www.textildruckimst.com\/impressum\/\",\"name\":\"Impressum - Textildruck Imst GmbH\",\"isPartOf\":{\"@id\":\"https:\/\/www.textildruckimst.com\/#website\"},\"datePublished\":\"2023-12-27T18:50:28+00:00\",\"dateModified\":\"2025-11-12T13:26:30+00:00\",\"breadcrumb\":{\"@id\":\"https:\/\/www.textildruckimst.com\/impressum\/#breadcrumb\"},\"inLanguage\":\"en-GB\",\"potentialAction\":[{\"@type\":\"ReadAction\",\"target\":[\"https:\/\/www.textildruckimst.com\/impressum\/\"]}]},{\"@type\":\"BreadcrumbList\",\"@id\":\"https:\/\/www.textildruckimst.com\/impressum\/#breadcrumb\",\"itemListElement\":[{\"@type\":\"ListItem\",\"position\":1,\"name\":\"Startseite\",\"item\":\"https:\/\/www.textildruckimst.com\/\"},{\"@type\":\"ListItem\",\"position\":2,\"name\":\"Impressum\"}]},{\"@type\":\"WebSite\",\"@id\":\"https:\/\/www.textildruckimst.com\/#website\",\"url\":\"https:\/\/www.textildruckimst.com\/\",\"name\":\"Textildruck Imst GmbH\",\"description\":\"Stoffhersteller \u2013 H\u00f6chster Anspruch f\u00fcr Qualit\u00e4t und Umwelt. Hergestellt und zertifiziert in \u00d6sterreich.\",\"publisher\":{\"@id\":\"https:\/\/www.textildruckimst.com\/#organization\"},\"potentialAction\":[{\"@type\":\"SearchAction\",\"target\":{\"@type\":\"EntryPoint\",\"urlTemplate\":\"https:\/\/www.textildruckimst.com\/?s={search_term_string}\"},\"query-input\":{\"@type\":\"PropertyValueSpecification\",\"valueRequired\":true,\"valueName\":\"search_term_string\"}}],\"inLanguage\":\"en-GB\"},{\"@type\":\"Organization\",\"@id\":\"https:\/\/www.textildruckimst.com\/#organization\",\"name\":\"Textildruck Imst GmbH\",\"url\":\"https:\/\/www.textildruckimst.com\/\",\"logo\":{\"@type\":\"ImageObject\",\"inLanguage\":\"en-GB\",\"@id\":\"https:\/\/www.textildruckimst.com\/#\/schema\/logo\/image\/\",\"url\":\"https:\/\/www.textildruckimst.com\/wp-content\/uploads\/2025\/11\/cropped-image-1.jpg\",\"contentUrl\":\"https:\/\/www.textildruckimst.com\/wp-content\/uploads\/2025\/11\/cropped-image-1.jpg\",\"width\":335,\"height\":303,\"caption\":\"Textildruck Imst GmbH\"},\"image\":{\"@id\":\"https:\/\/www.textildruckimst.com\/#\/schema\/logo\/image\/\"}}]}<\/script>\n<!-- \/ Yoast SEO plugin. -->","yoast_head_json":{"title":"Impressum - Textildruck Imst GmbH","robots":{"index":"index","follow":"follow","max-snippet":"max-snippet:-1","max-image-preview":"max-image-preview:large","max-video-preview":"max-video-preview:-1"},"canonical":"https:\/\/www.textildruckimst.com\/en\/impressum\/","og_locale":"en_GB","og_type":"article","og_title":"Impressum - Textildruck Imst GmbH","og_description":"Impressum Textildruck Imst GmbH &amp; Co KGIndustriezone 46460 ImstAUSTRIA Gesch\u00e4ftsf\u00fchrer:Christian Otten Kontakt:Tel. +43 5412 69440Web: www.tdimst.at Firmenbucheintrag: Bezirksgericht Imst DVR0773999FN227374zUID Nr.: ATU56292844 Grundlegende Richtung:Die vorliegende Website ist ein Online-Angebot der Firma Textildruck Imst GmbH &amp; Co KG im Internet. Unter dieser Web-Adresse und allf\u00e4lliger Subdomains werden umfangreiche Informations- und Online-Dienste zu Produkten und Leistungen unseres [&hellip;]","og_url":"https:\/\/www.textildruckimst.com\/en\/impressum\/","og_site_name":"Textildruck Imst GmbH","article_modified_time":"2025-11-12T13:26:30+00:00","twitter_card":"summary_large_image","twitter_misc":{"Estimated reading time":"3 minutes"},"schema":{"@context":"https:\/\/schema.org","@graph":[{"@type":"WebPage","@id":"https:\/\/www.textildruckimst.com\/impressum\/","url":"https:\/\/www.textildruckimst.com\/impressum\/","name":"Impressum - Textildruck Imst GmbH","isPartOf":{"@id":"https:\/\/www.textildruckimst.com\/#website"},"datePublished":"2023-12-27T18:50:28+00:00","dateModified":"2025-11-12T13:26:30+00:00","breadcrumb":{"@id":"https:\/\/www.textildruckimst.com\/impressum\/#breadcrumb"},"inLanguage":"en-GB","potentialAction":[{"@type":"ReadAction","target":["https:\/\/www.textildruckimst.com\/impressum\/"]}]},{"@type":"BreadcrumbList","@id":"https:\/\/www.textildruckimst.com\/impressum\/#breadcrumb","itemListElement":[{"@type":"ListItem","position":1,"name":"Startseite","item":"https:\/\/www.textildruckimst.com\/"},{"@type":"ListItem","position":2,"name":"Impressum"}]},{"@type":"WebSite","@id":"https:\/\/www.textildruckimst.com\/#website","url":"https:\/\/www.textildruckimst.com\/","name":"Textildruck Imst GmbH","description":"Stoffhersteller \u2013 H\u00f6chster Anspruch f\u00fcr Qualit\u00e4t und Umwelt. Hergestellt und zertifiziert in \u00d6sterreich.","publisher":{"@id":"https:\/\/www.textildruckimst.com\/#organization"},"potentialAction":[{"@type":"SearchAction","target":{"@type":"EntryPoint","urlTemplate":"https:\/\/www.textildruckimst.com\/?s={search_term_string}"},"query-input":{"@type":"PropertyValueSpecification","valueRequired":true,"valueName":"search_term_string"}}],"inLanguage":"en-GB"},{"@type":"Organization","@id":"https:\/\/www.textildruckimst.com\/#organization","name":"Textildruck Imst GmbH","url":"https:\/\/www.textildruckimst.com\/","logo":{"@type":"ImageObject","inLanguage":"en-GB","@id":"https:\/\/www.textildruckimst.com\/#\/schema\/logo\/image\/","url":"https:\/\/www.textildruckimst.com\/wp-content\/uploads\/2025\/11\/cropped-image-1.jpg","contentUrl":"https:\/\/www.textildruckimst.com\/wp-content\/uploads\/2025\/11\/cropped-image-1.jpg","width":335,"height":303,"caption":"Textildruck Imst GmbH"},"image":{"@id":"https:\/\/www.textildruckimst.com\/#\/schema\/logo\/image\/"}}]}},"_links":{"self":[{"href":"https:\/\/www.textildruckimst.com\/en\/wp-json\/wp\/v2\/pages\/434","targetHints":{"allow":["GET"]}}],"collection":[{"href":"https:\/\/www.textildruckimst.com\/en\/wp-json\/wp\/v2\/pages"}],"about":[{"href":"https:\/\/www.textildruckimst.com\/en\/wp-json\/wp\/v2\/types\/page"}],"author":[{"embeddable":true,"href":"https:\/\/www.textildruckimst.com\/en\/wp-json\/wp\/v2\/users\/1"}],"replies":[{"embeddable":true,"href":"https:\/\/www.textildruckimst.com\/en\/wp-json\/wp\/v2\/comments?post=434"}],"version-history":[{"count":61,"href":"https:\/\/www.textildruckimst.com\/en\/wp-json\/wp\/v2\/pages\/434\/revisions"}],"predecessor-version":[{"id":2015,"href":"https:\/\/www.textildruckimst.com\/en\/wp-json\/wp\/v2\/pages\/434\/revisions\/2015"}],"wp:attachment":[{"href":"https:\/\/www.textildruckimst.com\/en\/wp-json\/wp\/v2\/media?parent=434"}],"curies":[{"name":"wp","href":"https:\/\/api.w.org\/{rel}","templated":true}]}}