{"id":3,"date":"2023-11-02T17:29:28","date_gmt":"2023-11-02T17:29:28","guid":{"rendered":"http:\/\/nw489nap.at.edis.global\/?page_id=3"},"modified":"2025-11-14T08:29:41","modified_gmt":"2025-11-14T08:29:41","slug":"datenschutzerklaerung","status":"publish","type":"page","link":"https:\/\/www.textildruckimst.com\/en\/datenschutzerklaerung\/","title":{"rendered":"Datenschutzerkl\u00e4rung"},"content":{"rendered":"<div data-elementor-type=\"wp-page\" data-elementor-id=\"3\" class=\"elementor elementor-3\" data-elementor-post-type=\"page\">\n\t\t\t\t<div class=\"aux-parallax-section elementor-element elementor-element-60af1e4 e-flex e-con-boxed e-con e-parent\" data-id=\"60af1e4\" data-element_type=\"container\" data-settings=\"{&quot;background_background&quot;:&quot;classic&quot;}\">\n\t\t\t\t\t<div class=\"e-con-inner\">\n\t\t\t\t\t<\/div>\n\t\t\t\t<\/div>\n\t\t<div class=\"aux-parallax-section elementor-element elementor-element-c1853ce e-flex e-con-boxed e-con e-parent\" data-id=\"c1853ce\" data-element_type=\"container\">\n\t\t\t\t\t<div class=\"e-con-inner\">\n\t\t\t\t<div class=\"elementor-element elementor-element-1d4a18b elementor-widget-divider--view-line elementor-widget elementor-widget-divider\" data-id=\"1d4a18b\" data-element_type=\"widget\" data-widget_type=\"divider.default\">\n\t\t\t\t<div class=\"elementor-widget-container\">\n\t\t\t\t\t\t\t<div class=\"elementor-divider\">\n\t\t\t<span class=\"elementor-divider-separator\">\n\t\t\t\t\t\t<\/span>\n\t\t<\/div>\n\t\t\t\t\t\t<\/div>\n\t\t\t\t<\/div>\n\t\t\t\t\t<\/div>\n\t\t\t\t<\/div>\n\t\t<div class=\"aux-parallax-section elementor-element elementor-element-89d3a2e e-flex e-con-boxed e-con e-parent\" data-id=\"89d3a2e\" data-element_type=\"container\">\n\t\t\t\t\t<div class=\"e-con-inner\">\n\t\t\t\t<div class=\"elementor-element elementor-element-924e672 elementor-widget elementor-widget-heading\" data-id=\"924e672\" data-element_type=\"widget\" data-widget_type=\"heading.default\">\n\t\t\t\t<div class=\"elementor-widget-container\">\n\t\t\t\t\t<h2 class=\"elementor-heading-title elementor-size-default\">Allgemeine Verkaufs- und Lieferbedingungen der TDI Imst GmbH &amp; CoKG<\/h2>\t\t\t\t<\/div>\n\t\t\t\t<\/div>\n\t\t\t\t\t<\/div>\n\t\t\t\t<\/div>\n\t\t<div class=\"aux-parallax-section elementor-element elementor-element-2193bbc e-flex e-con-boxed e-con e-parent\" data-id=\"2193bbc\" data-element_type=\"container\">\n\t\t\t\t\t<div class=\"e-con-inner\">\n\t\t<div class=\"elementor-element elementor-element-3652cce e-con-full e-flex e-con e-child\" data-id=\"3652cce\" data-element_type=\"container\">\n\t\t\t\t<div class=\"elementor-element elementor-element-f4606f7 elementor-widget elementor-widget-text-editor\" data-id=\"f4606f7\" data-element_type=\"widget\" data-widget_type=\"text-editor.default\">\n\t\t\t\t<div class=\"elementor-widget-container\">\n\t\t\t\t\t\t\t\t\t<p>\u00a7 1 Anwendungsbereich (1)F\u00fcr alle Verk\u00e4ufe und Lieferungen gelten die nachstehenden Bedingungen, soweit nicht mit Zustimmung der Gesch\u00e4ftsleitung schriftlich vereinbart ist. Diese Bedingungen gelten auch f\u00fcr alle k\u00fcnftigen Gesch\u00e4fte, auch wenn sie im Einzelfall nicht ausdr\u00fccklich als Vertragsbestandteil bezeichnet sind. (2)Widersprechende Gesch\u00e4fsbedingungen, insbesondere Einkaufsbedingungen des Kunden, sind in vollem Umfang unwirksam, ohne da\u00df es eines Widerspruches bedarf. F\u00fcr die Ab\u00e4nderung der Allgemeinen Verkaufs- und Lieferbedingungen gen\u00fcgt in keinem Falle die allgemeine Bezugnahme auf Gesch\u00e4ftsbedingungen des Kunden; vielmehr ist \u00fcber jede Abweichung eine genaue besondere schriftliche Vereinbarung n\u00f6tig. Die Bestellung oder Abnahme der Lieferung gilt in jedem Falle als Anerkennung der Allgemeinen Verkaufs- und Lieferbedingungen von TDI. \u00a7 2 Auftragsbest\u00e4tigung Nur schriftliche Auftragsbest\u00e4tigungen oder Auftragsbest\u00e4tigungen per Fax oder email binden TDI. Jede m\u00fcndliche Vereinbarung bedarf der besonderen schriftlichen Best\u00e4tigung oder der Best\u00e4tigung per Fax oder email durch TDI. Der Kunde verzichtet auf den Einwand jeder m\u00fcndlichen Nebenabrede. \u00a7 3 Erf\u00fcllung; Gefahren\u00fcbergang; Pr\u00fcfung (1)Erf\u00fcllungsort ist Imst. (2)Sobald der Vertragsgegenstand dem Kunden am Leistungsort angeboten wird, geht alle Gefahr auf ihn \u00fcber. Nimmt der Kunde den Vertragsgegenstand nicht an, ger\u00e4t er in Annahmeverzug. (3)TDI ist zu Teillieferungen berechtigt; auf sie finden s\u00e4mtliche Vertragsbestimmungen Anwendung. Ist TDI mit der Lieferung in Verzug, so muss der K\u00e4ufer eine Nachlieferungsfrist von vier Wochen bewilligen. Eine \u00dcber- oder Unterlieferung bis zu 5% der bestellten Menge ist zul\u00e4ssig. (4)Kann TDI aus unvorhergesehenen Umst\u00e4nden, die von ihm mit zumutbaren Mitteln auch nicht beherrschbar sind (h\u00f6here Gewalt, Lieferverz\u00f6gerungen von Zulieferbetrieben etc), zum vereinbarten Termin nicht liefern, so hat TDI das Recht, zu dem ihm n\u00e4chstm\u00f6glichen Termin zu liefern, sofern zu diesem Zeitpunkt dem Kunden die Abnahme des Vertragsgegenstandes noch zumutbar ist. Andernfalls ist TDI berechtigt, vom Vertrag zur\u00fcckzutreten. F\u00fcr Leistungsverzug haftet TDI nur bei eigener grober Fahrl\u00e4ssigkeit. (5)Eine dem Kunden nicht erteilte Importlizenz wirkt f\u00fcr ihn nicht leistungsbefreiend. (6)Der Kunde hat den Vertragsgegenstand bei \u00dcbernahme sorgf\u00e4ltig zu pr\u00fcfen. Ein Qualit\u00e4tsmangel (Herstellungs- oder Materialfehler) oder ein Quantit\u00e4tsmangel mu\u00df gegen\u00fcber TDI binnen acht Tagen ab \u00dcbergabe der Ware schriftlich ger\u00fcgt werden, widrigenfalls jegliche M\u00e4ngelr\u00fcge ausgeschlossen ist. TDI haftet nur so lange, als die Bearbeitung der gelieferten Ware noch nicht begonnen hat. TDI haftet \u00fcberdies nur f\u00fcr Qualit\u00e4tsm\u00e4ngel an Erste-Wahl-Ware. Ansonsten haftet TDI nur bei g\u00e4nzlicher Unbrauchbarkeit der Ware. Handels\u00fcbliche Abweichungen in Qualit\u00e4t, Farbe, Gewicht, Ausf\u00fchrung und Ausr\u00fcstung sind kein Mangel. (7)R\u00fccksendungen beanstandeter Ware sind nur nach Genehmigung von TDI zul\u00e4ssig. \u00a7 4 Preise; Verzug; sonstige Abgaben (1)Erfolgt die Lieferung aus einem in der Sph\u00e4re des Kunden liegenden Umstand zu einem sp\u00e4teren Zeitpunkt, so ist TDI berechtigt, dadurch entstehende h\u00f6here Kosten durch entsprechend h\u00f6here Preise auszugleichen. Das Recht von TDI auf Ersatz des ihm ansonsten entstehenden Schadens ist dadurch nicht ber\u00fchrt. (2)Wird der Kaufpreis bei F\u00e4lligkeit nicht bezahlt, sind s\u00e4mtliche Mahn- und Inkassokosten zu ersetzen. Ein dar\u00fcber hinausgehender Schadenersatzanspruch von TDI ist davon unber\u00fchrt. (3) Ist der Kunde mit der Zahlung im Verzug, wird Zwangsvollstreckung in sein Verm\u00f6gen gef\u00fchrt oder ist seine Zahlungsf\u00e4higkeit zweifelhaft, ist TDI berechtigt, a) s\u00e4mtliche Forderungen ohne R\u00fccksicht auf deren F\u00e4lligkeit sofort f\u00e4llig zu stellen, b) s\u00e4mtliche Lieferungen und Leistungen aus noch nicht erf\u00fcllten Vertr\u00e4gen zur\u00fcckzuhalten und nur gegen Vorauskassa durchzuf\u00fchren. Weigert sich der Kunde, im voraus zu leisten, kann TDI vom Vertrag zur\u00fccktreten und Schadenersatz auch f\u00fcr den entgangenen Gewinn geltend machen. (4) Ist der Kunde mit der Annahme in Verzug, ist der Kaufpreis sofort f\u00e4llig. (5)Alle Steuern, Z\u00f6lle und sonstigen Abgaben, die der Kunde anl\u00e4\u00dflich der \u00dcbernahme des Vertragsgegenstandes zu entrichten hat, sind von ihm selbst zu tragen, es sei denn, TDI hat sich ausdr\u00fccklich schriftlich zur Zahlung verpflichtet.<\/p>\t\t\t\t\t\t\t\t<\/div>\n\t\t\t\t<\/div>\n\t\t\t\t<\/div>\n\t\t<div class=\"elementor-element elementor-element-34df101 e-con-full e-flex e-con e-child\" data-id=\"34df101\" data-element_type=\"container\">\n\t\t\t\t<div class=\"elementor-element elementor-element-2ae2d59 elementor-widget elementor-widget-text-editor\" data-id=\"2ae2d59\" data-element_type=\"widget\" data-widget_type=\"text-editor.default\">\n\t\t\t\t<div class=\"elementor-widget-container\">\n\t\t\t\t\t\t\t\t\t<p>\u00a7 5 Eigentumsvorbehalt (1)Bis zur vollst\u00e4ndigen Bezahlung des Kaufpreises aus diesem oder einem anderen Vertrag, bleibt das Eigentum am gelieferten Vertragsgegenstand bei TDI (Vorbehaltsware). (2)Wird die Vorbehaltsware vom Kunden weiterver\u00e4u\u00dfert, tritt er bereits jetzt s\u00e4mtliche ihm aus der Weiterver\u00e4u\u00dferung oder einer sonstigen Verwertung zustehende Forderungen bis zur H\u00f6he der Kaufpreisforderung von TDI ab. Der Kunde ist verpflichtet, dies in seinen B\u00fcchern zu vermerken. Der Kunde ist bis auf Widerruf erm\u00e4chtigt, die abgetretenen Forderungen f\u00fcr Rechnung von TDI im eigenen Namen einzuziehen. Der Kunde ist verpflichtet, sich selbst das Eigentum an der Vorbehaltsware vorzubehalten, wenn er die Vorbehaltsware auf Kredit weiterver\u00e4u\u00dfert. (3)Wird die Vorbehaltsware vom Kunden verarbeitet, entsteht Miteigentum von TDI und dem Kunden an der verarbeiteten Ware. Der Miteigentumsanteil von TDI entspricht dem Rechnungswert der Vorbehaltsware. (4)Die Verpf\u00e4ndung oder Sicherungs\u00fcbereignung der Vorbehaltsware ist nicht zul\u00e4ssig. (5)Der Kunde hat TDI unverz\u00fcglich zu verst\u00e4ndigen, falls die Vorbehaltsware gepf\u00e4ndet wird. \u00a7 6 Sonstiges (1)Wechsel und Scheck werden nur zahlungshalber und nur bei schriftlicher Vereinbarung in Zahlung genommen. (2)Eine Schadenshaftung von TDI ist bei leichter und schlichter grober Fahrl\u00e4ssigkeit ausgeschlossen. Die Geltendmachung entgangenen Gewinns ist jedenfalls ausgeschlossen. (3)Der Kunde ist nicht berechtigt, etwaige Forderungen gegen TDI mit der TDI gegen ihn zustehenden Kaufpreisforderung aufzurechnen. (4)Der Kunde ist nicht berechtigt, seine Forderung auf Lieferung des Vertragsgegenstandes an andere abzutreten. (5)Die Anfechtung einer vertraglichen Vereinbarung wegen Irrtums des Kunden ist ausgeschlossen. (6)Der Vertragsgegenstand ist ausschlie\u00dflich zum Wiederverkauf an Endverbraucher bestimmt. Die Weiterver\u00e4u\u00dferung an Wiederverk\u00e4ufer und die Weiterlieferung an andere, als in der Rechnung angef\u00fchrte Filialen oder Standorte des Kunden, ist nur nach schriftlicher Zustimmung von TDI zul\u00e4ssig. \u00a7 7 Muster; Werbematerial; Schutzrechte (1)F\u00fcr Muster gelten dieselben Preise wie f\u00fcr die bemusterte Ware. Es werden keine Rabatte f\u00fcr Muster gew\u00e4hrt. (2)Werbematerial bleibt in jedem Fall Eigentum von TDI. Es darf ohne ausdr\u00fcckliche Einwilligung von TDI nicht reproduziert werden. Es darf nur f\u00fcr die Bewerbung von TDI Waren verwendet werden. Der Kunde erwirbt keine Schutzrechte von TDI am Vertragsgegenstand, an Mustern und am Werbematerial. (3)Unterlagen oder Informationen \u00fcber TDI, seine Produkte, Muster, Werbematerialien, Vertriebspartner oder andere Kunden, die dem Kunden zur Verf\u00fcgung gestellt werden oder von denen er sonst Kenntnis erlangt, d\u00fcrfen nicht an Dritte, insbesondere nicht an Konkurrenten von TDI weitergegeben oder ihnen sonstwie zug\u00e4nglich gemacht werden. \u00a7 8 Gerichtsstand; anzuwendendes Recht; Auslegung (1)Gerichtsstand f\u00fcr Streitigkeiten aus Vertr\u00e4gen mit Kunden, die ihren Sitz in einem Staat haben, der das \u00dcbereinkommen von Lugano vom 16. September 1988 unterzeichnet hat, ist das f\u00fcr Imst sachlich zust\u00e4ndige Gericht. F\u00fcr Streitigkeiten aus Vertr\u00e4gen mit Kunden, die ihren Sitz in einem Staat haben, der das \u00dcbereinkommen von Lugano vom 16. September 1988 nicht unterzeichnet hat, wird die Zust\u00e4ndigkeit des Internationalen Schiedsgerichtes der Wirtschaftskammer \u00d6sterreich in Wien vereinbart. TDI ist jedoch in jedem Fall berechtigt, ein anderes, f\u00fcr den Kunden zust\u00e4ndiges, Gericht anzurufen. (2)Die Rechtsbeziehungen zwischen den Vertragsteilen unterliegen ausschlie\u00dflich \u00f6sterreichischem Recht. Das UN-Kaufrecht ist ausgeschlossen. (3)F\u00fcr die Auslegung des Vertrages und dieser Bedingungen ist der deutsche Text ma\u00dfgebend. (4)Sollten Bestimmungen des Vertrages ung\u00fcltig oder undurchsetzbar sein oder werden, so bleibt der Restvertrag unber\u00fchrt. Diese Bestimmungen gelten als durch g\u00fcltige und durchsetzbare Bestimmungen ersetzt, die den beabsichtigten wirtschaftlichen Zweck am ehesten erreichen (Salvatorische Klausel).<\/p>\t\t\t\t\t\t\t\t<\/div>\n\t\t\t\t<\/div>\n\t\t\t\t<\/div>\n\t\t\t\t\t<\/div>\n\t\t\t\t<\/div>\n\t\t<div class=\"aux-parallax-section elementor-element elementor-element-76b3ec1 e-flex e-con-boxed e-con e-parent\" data-id=\"76b3ec1\" data-element_type=\"container\">\n\t\t\t\t\t<div class=\"e-con-inner\">\n\t\t\t\t\t<\/div>\n\t\t\t\t<\/div>\n\t\t<div class=\"aux-parallax-section elementor-element elementor-element-cd8d9c8 e-flex e-con-boxed e-con e-parent\" data-id=\"cd8d9c8\" data-element_type=\"container\">\n\t\t\t\t\t<div class=\"e-con-inner\">\n\t\t<div class=\"elementor-element elementor-element-580c636 e-con-full e-flex e-con e-child\" data-id=\"580c636\" data-element_type=\"container\">\n\t\t\t\t<\/div>\n\t\t<div class=\"elementor-element elementor-element-a21272d e-con-full e-flex e-con e-child\" data-id=\"a21272d\" data-element_type=\"container\">\n\t\t\t\t<\/div>\n\t\t\t\t\t<\/div>\n\t\t\t\t<\/div>\n\t\t\t\t<\/div>","protected":false},"excerpt":{"rendered":"<p>Allgemeine Verkaufs- und Lieferbedingungen der TDI Imst GmbH &amp; CoKG \u00a7 1 Anwendungsbereich (1)F\u00fcr alle Verk\u00e4ufe und Lieferungen gelten die nachstehenden Bedingungen, soweit nicht mit Zustimmung der Gesch\u00e4ftsleitung schriftlich vereinbart ist. Diese Bedingungen gelten auch f\u00fcr alle k\u00fcnftigen Gesch\u00e4fte, auch wenn sie im Einzelfall nicht ausdr\u00fccklich als Vertragsbestandteil bezeichnet sind. (2)Widersprechende Gesch\u00e4fsbedingungen, insbesondere Einkaufsbedingungen des [&hellip;]<\/p>","protected":false},"author":1,"featured_media":0,"parent":0,"menu_order":0,"comment_status":"closed","ping_status":"closed","template":"","meta":{"footnotes":""},"class_list":["post-3","page","type-page","status-publish","hentry"],"yoast_head":"<!-- This site is optimized with the Yoast SEO plugin v26.6 - https:\/\/yoast.com\/wordpress\/plugins\/seo\/ -->\n<title>Datenschutzerkl\u00e4rung - Textildruck Imst GmbH<\/title>\n<meta name=\"robots\" content=\"index, follow, max-snippet:-1, max-image-preview:large, max-video-preview:-1\" \/>\n<link rel=\"canonical\" href=\"https:\/\/www.textildruckimst.com\/en\/datenschutzerklaerung\/\" \/>\n<meta property=\"og:locale\" content=\"en_GB\" \/>\n<meta property=\"og:type\" content=\"article\" \/>\n<meta property=\"og:title\" content=\"Datenschutzerkl\u00e4rung - Textildruck Imst GmbH\" \/>\n<meta property=\"og:description\" content=\"Allgemeine Verkaufs- und Lieferbedingungen der TDI Imst GmbH &amp; CoKG \u00a7 1 Anwendungsbereich (1)F\u00fcr alle Verk\u00e4ufe und Lieferungen gelten die nachstehenden Bedingungen, soweit nicht mit Zustimmung der Gesch\u00e4ftsleitung schriftlich vereinbart ist. Diese Bedingungen gelten auch f\u00fcr alle k\u00fcnftigen Gesch\u00e4fte, auch wenn sie im Einzelfall nicht ausdr\u00fccklich als Vertragsbestandteil bezeichnet sind. (2)Widersprechende Gesch\u00e4fsbedingungen, insbesondere Einkaufsbedingungen des [&hellip;]\" \/>\n<meta property=\"og:url\" content=\"https:\/\/www.textildruckimst.com\/en\/datenschutzerklaerung\/\" \/>\n<meta property=\"og:site_name\" content=\"Textildruck Imst GmbH\" \/>\n<meta property=\"article:modified_time\" content=\"2025-11-14T08:29:41+00:00\" \/>\n<meta name=\"twitter:card\" content=\"summary_large_image\" \/>\n<meta name=\"twitter:label1\" content=\"Estimated reading time\" \/>\n\t<meta name=\"twitter:data1\" content=\"7 minutes\" \/>\n<script type=\"application\/ld+json\" class=\"yoast-schema-graph\">{\"@context\":\"https:\/\/schema.org\",\"@graph\":[{\"@type\":\"WebPage\",\"@id\":\"https:\/\/www.textildruckimst.com\/datenschutzerklaerung\/\",\"url\":\"https:\/\/www.textildruckimst.com\/datenschutzerklaerung\/\",\"name\":\"Datenschutzerkl\u00e4rung - Textildruck Imst GmbH\",\"isPartOf\":{\"@id\":\"https:\/\/www.textildruckimst.com\/#website\"},\"datePublished\":\"2023-11-02T17:29:28+00:00\",\"dateModified\":\"2025-11-14T08:29:41+00:00\",\"breadcrumb\":{\"@id\":\"https:\/\/www.textildruckimst.com\/datenschutzerklaerung\/#breadcrumb\"},\"inLanguage\":\"en-GB\",\"potentialAction\":[{\"@type\":\"ReadAction\",\"target\":[\"https:\/\/www.textildruckimst.com\/datenschutzerklaerung\/\"]}]},{\"@type\":\"BreadcrumbList\",\"@id\":\"https:\/\/www.textildruckimst.com\/datenschutzerklaerung\/#breadcrumb\",\"itemListElement\":[{\"@type\":\"ListItem\",\"position\":1,\"name\":\"Startseite\",\"item\":\"https:\/\/www.textildruckimst.com\/\"},{\"@type\":\"ListItem\",\"position\":2,\"name\":\"Datenschutzerkl\u00e4rung\"}]},{\"@type\":\"WebSite\",\"@id\":\"https:\/\/www.textildruckimst.com\/#website\",\"url\":\"https:\/\/www.textildruckimst.com\/\",\"name\":\"Textildruck Imst GmbH\",\"description\":\"Stoffhersteller \u2013 H\u00f6chster Anspruch f\u00fcr Qualit\u00e4t und Umwelt. Hergestellt und zertifiziert in \u00d6sterreich.\",\"publisher\":{\"@id\":\"https:\/\/www.textildruckimst.com\/#organization\"},\"potentialAction\":[{\"@type\":\"SearchAction\",\"target\":{\"@type\":\"EntryPoint\",\"urlTemplate\":\"https:\/\/www.textildruckimst.com\/?s={search_term_string}\"},\"query-input\":{\"@type\":\"PropertyValueSpecification\",\"valueRequired\":true,\"valueName\":\"search_term_string\"}}],\"inLanguage\":\"en-GB\"},{\"@type\":\"Organization\",\"@id\":\"https:\/\/www.textildruckimst.com\/#organization\",\"name\":\"Textildruck Imst GmbH\",\"url\":\"https:\/\/www.textildruckimst.com\/\",\"logo\":{\"@type\":\"ImageObject\",\"inLanguage\":\"en-GB\",\"@id\":\"https:\/\/www.textildruckimst.com\/#\/schema\/logo\/image\/\",\"url\":\"https:\/\/www.textildruckimst.com\/wp-content\/uploads\/2025\/11\/cropped-image-1.jpg\",\"contentUrl\":\"https:\/\/www.textildruckimst.com\/wp-content\/uploads\/2025\/11\/cropped-image-1.jpg\",\"width\":335,\"height\":303,\"caption\":\"Textildruck Imst GmbH\"},\"image\":{\"@id\":\"https:\/\/www.textildruckimst.com\/#\/schema\/logo\/image\/\"}}]}<\/script>\n<!-- \/ Yoast SEO plugin. -->","yoast_head_json":{"title":"Datenschutzerkl\u00e4rung - Textildruck Imst GmbH","robots":{"index":"index","follow":"follow","max-snippet":"max-snippet:-1","max-image-preview":"max-image-preview:large","max-video-preview":"max-video-preview:-1"},"canonical":"https:\/\/www.textildruckimst.com\/en\/datenschutzerklaerung\/","og_locale":"en_GB","og_type":"article","og_title":"Datenschutzerkl\u00e4rung - Textildruck Imst GmbH","og_description":"Allgemeine Verkaufs- und Lieferbedingungen der TDI Imst GmbH &amp; CoKG \u00a7 1 Anwendungsbereich (1)F\u00fcr alle Verk\u00e4ufe und Lieferungen gelten die nachstehenden Bedingungen, soweit nicht mit Zustimmung der Gesch\u00e4ftsleitung schriftlich vereinbart ist. Diese Bedingungen gelten auch f\u00fcr alle k\u00fcnftigen Gesch\u00e4fte, auch wenn sie im Einzelfall nicht ausdr\u00fccklich als Vertragsbestandteil bezeichnet sind. (2)Widersprechende Gesch\u00e4fsbedingungen, insbesondere Einkaufsbedingungen des [&hellip;]","og_url":"https:\/\/www.textildruckimst.com\/en\/datenschutzerklaerung\/","og_site_name":"Textildruck Imst GmbH","article_modified_time":"2025-11-14T08:29:41+00:00","twitter_card":"summary_large_image","twitter_misc":{"Estimated reading time":"7 minutes"},"schema":{"@context":"https:\/\/schema.org","@graph":[{"@type":"WebPage","@id":"https:\/\/www.textildruckimst.com\/datenschutzerklaerung\/","url":"https:\/\/www.textildruckimst.com\/datenschutzerklaerung\/","name":"Datenschutzerkl\u00e4rung - Textildruck Imst GmbH","isPartOf":{"@id":"https:\/\/www.textildruckimst.com\/#website"},"datePublished":"2023-11-02T17:29:28+00:00","dateModified":"2025-11-14T08:29:41+00:00","breadcrumb":{"@id":"https:\/\/www.textildruckimst.com\/datenschutzerklaerung\/#breadcrumb"},"inLanguage":"en-GB","potentialAction":[{"@type":"ReadAction","target":["https:\/\/www.textildruckimst.com\/datenschutzerklaerung\/"]}]},{"@type":"BreadcrumbList","@id":"https:\/\/www.textildruckimst.com\/datenschutzerklaerung\/#breadcrumb","itemListElement":[{"@type":"ListItem","position":1,"name":"Startseite","item":"https:\/\/www.textildruckimst.com\/"},{"@type":"ListItem","position":2,"name":"Datenschutzerkl\u00e4rung"}]},{"@type":"WebSite","@id":"https:\/\/www.textildruckimst.com\/#website","url":"https:\/\/www.textildruckimst.com\/","name":"Textildruck Imst GmbH","description":"Stoffhersteller \u2013 H\u00f6chster Anspruch f\u00fcr Qualit\u00e4t und Umwelt. Hergestellt und zertifiziert in \u00d6sterreich.","publisher":{"@id":"https:\/\/www.textildruckimst.com\/#organization"},"potentialAction":[{"@type":"SearchAction","target":{"@type":"EntryPoint","urlTemplate":"https:\/\/www.textildruckimst.com\/?s={search_term_string}"},"query-input":{"@type":"PropertyValueSpecification","valueRequired":true,"valueName":"search_term_string"}}],"inLanguage":"en-GB"},{"@type":"Organization","@id":"https:\/\/www.textildruckimst.com\/#organization","name":"Textildruck Imst GmbH","url":"https:\/\/www.textildruckimst.com\/","logo":{"@type":"ImageObject","inLanguage":"en-GB","@id":"https:\/\/www.textildruckimst.com\/#\/schema\/logo\/image\/","url":"https:\/\/www.textildruckimst.com\/wp-content\/uploads\/2025\/11\/cropped-image-1.jpg","contentUrl":"https:\/\/www.textildruckimst.com\/wp-content\/uploads\/2025\/11\/cropped-image-1.jpg","width":335,"height":303,"caption":"Textildruck Imst GmbH"},"image":{"@id":"https:\/\/www.textildruckimst.com\/#\/schema\/logo\/image\/"}}]}},"_links":{"self":[{"href":"https:\/\/www.textildruckimst.com\/en\/wp-json\/wp\/v2\/pages\/3","targetHints":{"allow":["GET"]}}],"collection":[{"href":"https:\/\/www.textildruckimst.com\/en\/wp-json\/wp\/v2\/pages"}],"about":[{"href":"https:\/\/www.textildruckimst.com\/en\/wp-json\/wp\/v2\/types\/page"}],"author":[{"embeddable":true,"href":"https:\/\/www.textildruckimst.com\/en\/wp-json\/wp\/v2\/users\/1"}],"replies":[{"embeddable":true,"href":"https:\/\/www.textildruckimst.com\/en\/wp-json\/wp\/v2\/comments?post=3"}],"version-history":[{"count":58,"href":"https:\/\/www.textildruckimst.com\/en\/wp-json\/wp\/v2\/pages\/3\/revisions"}],"predecessor-version":[{"id":2028,"href":"https:\/\/www.textildruckimst.com\/en\/wp-json\/wp\/v2\/pages\/3\/revisions\/2028"}],"wp:attachment":[{"href":"https:\/\/www.textildruckimst.com\/en\/wp-json\/wp\/v2\/media?parent=3"}],"curies":[{"name":"wp","href":"https:\/\/api.w.org\/{rel}","templated":true}]}}