{"id":204,"date":"2023-12-27T11:49:43","date_gmt":"2023-12-27T11:49:43","guid":{"rendered":"https:\/\/nw489nap.at.edis.global\/?page_id=204"},"modified":"2025-11-07T10:15:45","modified_gmt":"2025-11-07T10:15:45","slug":"unternehmen","status":"publish","type":"page","link":"https:\/\/www.textildruckimst.com\/en\/unternehmen\/","title":{"rendered":"Unternehmen alt"},"content":{"rendered":"<div data-elementor-type=\"wp-page\" data-elementor-id=\"204\" class=\"elementor elementor-204\" data-elementor-post-type=\"page\">\n\t\t\t\t<div class=\"aux-parallax-section elementor-element elementor-element-1e306be e-flex e-con-boxed e-con e-parent\" data-id=\"1e306be\" data-element_type=\"container\" data-settings=\"{&quot;background_background&quot;:&quot;slideshow&quot;,&quot;section_parallax_on&quot;:&quot;yes&quot;,&quot;ep_parallax_bg_colors&quot;:&quot;yes&quot;,&quot;background_slideshow_gallery&quot;:[{&quot;id&quot;:1679,&quot;url&quot;:&quot;http:\\\/\\\/ottennextcloud.ath.cx:8080\\\/wp-content\\\/uploads\\\/2024\\\/08\\\/Otten-Produktionsbilder-14.jpg&quot;},{&quot;id&quot;:1681,&quot;url&quot;:&quot;http:\\\/\\\/ottennextcloud.ath.cx:8080\\\/wp-content\\\/uploads\\\/2024\\\/08\\\/Otten-Produktionsbilder-16.jpg&quot;},{&quot;id&quot;:1680,&quot;url&quot;:&quot;http:\\\/\\\/ottennextcloud.ath.cx:8080\\\/wp-content\\\/uploads\\\/2024\\\/08\\\/Otten-Produktionsbilder-15.jpg&quot;},{&quot;id&quot;:1676,&quot;url&quot;:&quot;http:\\\/\\\/ottennextcloud.ath.cx:8080\\\/wp-content\\\/uploads\\\/2024\\\/08\\\/Otten-Produktionsbilder-11.jpg&quot;},{&quot;id&quot;:1675,&quot;url&quot;:&quot;http:\\\/\\\/ottennextcloud.ath.cx:8080\\\/wp-content\\\/uploads\\\/2024\\\/08\\\/Otten-Produktionsbilder-10.jpg&quot;},{&quot;id&quot;:1674,&quot;url&quot;:&quot;http:\\\/\\\/ottennextcloud.ath.cx:8080\\\/wp-content\\\/uploads\\\/2024\\\/08\\\/Otten-Produktionsbilder-009.jpg&quot;},{&quot;id&quot;:1672,&quot;url&quot;:&quot;http:\\\/\\\/ottennextcloud.ath.cx:8080\\\/wp-content\\\/uploads\\\/2024\\\/08\\\/Otten-Produktionsbilder-007.jpg&quot;},{&quot;id&quot;:1670,&quot;url&quot;:&quot;http:\\\/\\\/ottennextcloud.ath.cx:8080\\\/wp-content\\\/uploads\\\/2024\\\/08\\\/Otten-Produktionsbilder-005.jpg&quot;},{&quot;id&quot;:1669,&quot;url&quot;:&quot;http:\\\/\\\/ottennextcloud.ath.cx:8080\\\/wp-content\\\/uploads\\\/2024\\\/08\\\/Otten-Produktionsbilder-004.jpg&quot;},{&quot;id&quot;:1668,&quot;url&quot;:&quot;http:\\\/\\\/ottennextcloud.ath.cx:8080\\\/wp-content\\\/uploads\\\/2024\\\/08\\\/Otten-Produktionsbilder-003.jpg&quot;}],&quot;background_slideshow_transition_duration&quot;:3000,&quot;background_slideshow_slide_duration&quot;:1500,&quot;background_slideshow_loop&quot;:&quot;yes&quot;,&quot;background_slideshow_slide_transition&quot;:&quot;fade&quot;}\">\n\t\t\t\t\t<div class=\"e-con-inner\">\n\t\t\t\t\t<\/div>\n\t\t\t\t<\/div>\n\t\t<div class=\"aux-parallax-section elementor-element elementor-element-46e433e e-flex e-con-boxed e-con e-parent\" data-id=\"46e433e\" data-element_type=\"container\" data-settings=\"{&quot;background_background&quot;:&quot;classic&quot;}\">\n\t\t\t\t\t<div class=\"e-con-inner\">\n\t\t\t\t<div class=\"elementor-element elementor-element-19e3bac elementor-widget elementor-widget-heading\" data-id=\"19e3bac\" data-element_type=\"widget\" data-widget_type=\"heading.default\">\n\t\t\t\t<div class=\"elementor-widget-container\">\n\t\t\t\t\t<h1 class=\"elementor-heading-title elementor-size-default\">Our philosophy - our product: An interplay of high-quality fabrics, beautiful colours and design language - Made in Austria.<\/h1>\t\t\t\t<\/div>\n\t\t\t\t<\/div>\n\t\t\t\t<div class=\"elementor-element elementor-element-812df3c elementor-widget elementor-widget-text-editor\" data-id=\"812df3c\" data-element_type=\"widget\" data-widget_type=\"text-editor.default\">\n\t\t\t\t<div class=\"elementor-widget-container\">\n\t\t\t\t\t\t\t\t\t<div id=\"bgLayers_comp-kucfeflp\" class=\"MW5IWV\" data-hook=\"bgLayers\"><div id=\"bgMedia_comp-kucfeflp\" class=\"VgO9Yg\"><p class=\" translation-block\">JOSEF OTTEN is an Austrian textile company based in Hohenems, Vorarlberg. Our company is a supplier of high-quality collections for the international clothing industry.<\/p><p class=\" translation-block\">With a high level of expertise and decades of experience in textile technologies as well as the highest quality standards, we supply domestic and international fashion brands.<\/p><p class=\" translation-block\">The textile roots go back to 1909. Today we combine tradition with visions for the future. By continuously monitoring international developments in the textile industry, our company is constantly investing in the latest technologies.<\/p><p class=\" translation-block\">A creative team of fashion, textile and graphic designers designs collections for women's and menswear as well as for the ever-growing segment of home textiles. (Homewear)<\/p><p class=\" translation-block\">Our focus is on the highest quality standards and partnership-based relationships with our customers. Our strengths also lie in the support and implementation of customer-specific collections.<\/p><p class=\" translation-block\">Our production company \u2013 Textildruck Imst GmbH &amp; Co. KG \u2013 produces according to OEKO-TEX Standard 100 guidelines. With investments in the latest machinery, solar systems, and external consulting in relation to environmental technologies, we consistently take responsibility for our environment.<\/p><p class=\" translation-block\">We make our contribution to an environmentally friendly and socially just textile industry through short transport routes and impeccable production conditions.<\/p><\/div><\/div>\t\t\t\t\t\t\t\t<\/div>\n\t\t\t\t<\/div>\n\t\t\t\t<div class=\"elementor-element elementor-element-35ae0b8 elementor-arrows-position-inside elementor-widget elementor-widget-image-carousel\" data-id=\"35ae0b8\" data-element_type=\"widget\" data-settings=\"{&quot;slides_to_show&quot;:&quot;1&quot;,&quot;navigation&quot;:&quot;arrows&quot;,&quot;effect&quot;:&quot;fade&quot;,&quot;autoplay&quot;:&quot;yes&quot;,&quot;pause_on_hover&quot;:&quot;yes&quot;,&quot;pause_on_interaction&quot;:&quot;yes&quot;,&quot;autoplay_speed&quot;:5000,&quot;infinite&quot;:&quot;yes&quot;,&quot;speed&quot;:500}\" data-widget_type=\"image-carousel.default\">\n\t\t\t\t<div class=\"elementor-widget-container\">\n\t\t\t\t\t\t\t<div class=\"elementor-image-carousel-wrapper swiper\" role=\"region\" aria-roledescription=\"carousel\" aria-label=\"Image Carousel\" dir=\"ltr\" data-no-translation-aria-label=\"\">\n\t\t\t<div class=\"elementor-image-carousel swiper-wrapper swiper-image-stretch\" aria-live=\"off\">\n\t\t\t\t\t\t\t\t<div class=\"swiper-slide\" role=\"group\" aria-roledescription=\"slide\" aria-label=\"1 of 6\" data-no-translation-aria-label=\"\"><figure class=\"swiper-slide-inner\"><img decoding=\"async\" class=\"swiper-slide-image\" src=\"https:\/\/www.textildruckimst.com\/wp-content\/uploads\/2024\/01\/Otten-Silder-Unernehmen-3.jpg\" alt=\"Otten-Silder-Unernehmen-3\" \/><\/figure><\/div><div class=\"swiper-slide\" role=\"group\" aria-roledescription=\"slide\" aria-label=\"2 of 6\" data-no-translation-aria-label=\"\"><figure class=\"swiper-slide-inner\"><img decoding=\"async\" class=\"swiper-slide-image\" src=\"https:\/\/www.textildruckimst.com\/wp-content\/uploads\/2024\/01\/Otten-Silder-Unernehmen-4.jpg\" alt=\"Otten-Silder-Unernehmen-4\" \/><\/figure><\/div><div class=\"swiper-slide\" role=\"group\" aria-roledescription=\"slide\" aria-label=\"3 of 6\" data-no-translation-aria-label=\"\"><figure class=\"swiper-slide-inner\"><img decoding=\"async\" class=\"swiper-slide-image\" src=\"https:\/\/www.textildruckimst.com\/wp-content\/uploads\/2024\/01\/Otten-Silder-Unernehmen-1.jpg\" alt=\"Otten-Silder-Unernehmen-1\" \/><\/figure><\/div><div class=\"swiper-slide\" role=\"group\" aria-roledescription=\"slide\" aria-label=\"4 of 6\" data-no-translation-aria-label=\"\"><figure class=\"swiper-slide-inner\"><img decoding=\"async\" class=\"swiper-slide-image\" src=\"https:\/\/www.textildruckimst.com\/wp-content\/uploads\/2024\/01\/Otten-Silder-Unernehmen-6.jpg\" alt=\"Otten-Silder-Unernehmen-6\" \/><\/figure><\/div><div class=\"swiper-slide\" role=\"group\" aria-roledescription=\"slide\" aria-label=\"5 of 6\" data-no-translation-aria-label=\"\"><figure class=\"swiper-slide-inner\"><img decoding=\"async\" class=\"swiper-slide-image\" src=\"https:\/\/www.textildruckimst.com\/wp-content\/uploads\/2024\/01\/Otten-Silder-Unernehmen-7.jpg\" alt=\"Otten-Silder-Unernehmen-7\" \/><\/figure><\/div><div class=\"swiper-slide\" role=\"group\" aria-roledescription=\"slide\" aria-label=\"6 of 6\" data-no-translation-aria-label=\"\"><figure class=\"swiper-slide-inner\"><img decoding=\"async\" class=\"swiper-slide-image\" src=\"https:\/\/www.textildruckimst.com\/wp-content\/uploads\/2024\/01\/Otten-Silder-Unernehmen-5.jpg\" alt=\"Otten-Silder-Unernehmen-5\" \/><\/figure><\/div>\t\t\t<\/div>\n\t\t\t\t\t\t\t\t\t\t\t\t<div class=\"elementor-swiper-button elementor-swiper-button-prev\" role=\"button\" tabindex=\"0\">\n\t\t\t\t\t\t<svg aria-hidden=\"true\" class=\"e-font-icon-svg e-eicon-chevron-left\" viewbox=\"0 0 1000 1000\" xmlns=\"http:\/\/www.w3.org\/2000\/svg\"><path d=\"M646 125C629 125 613 133 604 142L308 442C296 454 292 471 292 487 292 504 296 521 308 533L604 854C617 867 629 875 646 875 663 875 679 871 692 858 704 846 713 829 713 812 713 796 708 779 692 767L438 487 692 225C700 217 708 204 708 187 708 171 704 154 692 142 675 129 663 125 646 125Z\"><\/path><\/svg>\t\t\t\t\t<\/div>\n\t\t\t\t\t<div class=\"elementor-swiper-button elementor-swiper-button-next\" role=\"button\" tabindex=\"0\">\n\t\t\t\t\t\t<svg aria-hidden=\"true\" class=\"e-font-icon-svg e-eicon-chevron-right\" viewbox=\"0 0 1000 1000\" xmlns=\"http:\/\/www.w3.org\/2000\/svg\"><path d=\"M696 533C708 521 713 504 713 487 713 471 708 454 696 446L400 146C388 133 375 125 354 125 338 125 325 129 313 142 300 154 292 171 292 187 292 204 296 221 308 233L563 492 304 771C292 783 288 800 288 817 288 833 296 850 308 863 321 871 338 875 354 875 371 875 388 867 400 854L696 533Z\"><\/path><\/svg>\t\t\t\t\t<\/div>\n\t\t\t\t\n\t\t\t\t\t\t\t\t\t<\/div>\n\t\t\t\t\t\t<\/div>\n\t\t\t\t<\/div>\n\t\t\t\t<div class=\"elementor-element elementor-element-5df14cf elementor-align-center elementor-widget elementor-widget-button\" data-id=\"5df14cf\" data-element_type=\"widget\" data-widget_type=\"button.default\">\n\t\t\t\t<div class=\"elementor-widget-container\">\n\t\t\t\t\t\t\t\t\t<div class=\"elementor-button-wrapper\">\n\t\t\t\t\t<a class=\"elementor-button elementor-button-link elementor-size-xl\" href=\"https:\/\/www.textildruckimst.com\/en\/kontakt\/\">\n\t\t\t\t\t\t<span class=\"elementor-button-content-wrapper\">\n\t\t\t\t\t\t\t\t\t<span class=\"elementor-button-text\">Please get in touch<\/span>\n\t\t\t\t\t<\/span>\n\t\t\t\t\t<\/a>\n\t\t\t\t<\/div>\n\t\t\t\t\t\t\t\t<\/div>\n\t\t\t\t<\/div>\n\t\t\t\t\t<\/div>\n\t\t\t\t<\/div>\n\t\t\t\t<\/div>","protected":false},"excerpt":{"rendered":"<p>Unsere Philosophie \u2013 unser Produkt: Ein Zusammenspiel aus hochwertigen Stoffen, sch\u00f6ner Farb- und Designsprache \u2013 Made in Austria. JOSEF OTTEN ist ein \u00f6sterreichisches Textilunternehmen mit Sitz in Hohenems, Vorarlberg. Unser Unternehmen ist Anbieter von hochwertigen Kollektionen f\u00fcr die internationale Bekleidungsindustrie. Mit hoher Fachkompetenz und jahrzehntelanger Erfahrung in textilen Technologien sowie h\u00f6chsten Qualit\u00e4tsstandards beliefern wir heimische [&hellip;]<\/p>","protected":false},"author":1,"featured_media":0,"parent":0,"menu_order":0,"comment_status":"closed","ping_status":"closed","template":"elementor_header_footer","meta":{"footnotes":""},"class_list":["post-204","page","type-page","status-publish","hentry"],"yoast_head":"<!-- This site is optimized with the Yoast SEO plugin v26.6 - https:\/\/yoast.com\/wordpress\/plugins\/seo\/ -->\n<title>Unternehmen alt - Textildruck Imst GmbH<\/title>\n<meta name=\"robots\" content=\"index, follow, max-snippet:-1, max-image-preview:large, max-video-preview:-1\" \/>\n<link rel=\"canonical\" href=\"https:\/\/www.textildruckimst.com\/en\/unternehmen\/\" \/>\n<meta property=\"og:locale\" content=\"en_GB\" \/>\n<meta property=\"og:type\" content=\"article\" \/>\n<meta property=\"og:title\" content=\"Unternehmen alt - Textildruck Imst GmbH\" \/>\n<meta property=\"og:description\" content=\"Unsere Philosophie \u2013 unser Produkt: Ein Zusammenspiel aus hochwertigen Stoffen, sch\u00f6ner Farb- und Designsprache \u2013 Made in Austria. JOSEF OTTEN ist ein \u00f6sterreichisches Textilunternehmen mit Sitz in Hohenems, Vorarlberg. Unser Unternehmen ist Anbieter von hochwertigen Kollektionen f\u00fcr die internationale Bekleidungsindustrie. Mit hoher Fachkompetenz und jahrzehntelanger Erfahrung in textilen Technologien sowie h\u00f6chsten Qualit\u00e4tsstandards beliefern wir heimische [&hellip;]\" \/>\n<meta property=\"og:url\" content=\"https:\/\/www.textildruckimst.com\/en\/unternehmen\/\" \/>\n<meta property=\"og:site_name\" content=\"Textildruck Imst GmbH\" \/>\n<meta property=\"article:modified_time\" content=\"2025-11-07T10:15:45+00:00\" \/>\n<meta property=\"og:image\" content=\"http:\/\/ottennextcloud.ath.cx:8080\/wp-content\/uploads\/2024\/01\/Otten-Silder-Unernehmen-3.jpg\" \/>\n<meta name=\"twitter:card\" content=\"summary_large_image\" \/>\n<meta name=\"twitter:label1\" content=\"Estimated reading time\" \/>\n\t<meta name=\"twitter:data1\" content=\"3 minutes\" \/>\n<script type=\"application\/ld+json\" class=\"yoast-schema-graph\">{\"@context\":\"https:\/\/schema.org\",\"@graph\":[{\"@type\":\"WebPage\",\"@id\":\"https:\/\/www.textildruckimst.com\/unternehmen\/\",\"url\":\"https:\/\/www.textildruckimst.com\/unternehmen\/\",\"name\":\"Unternehmen alt - Textildruck Imst GmbH\",\"isPartOf\":{\"@id\":\"https:\/\/www.textildruckimst.com\/#website\"},\"primaryImageOfPage\":{\"@id\":\"https:\/\/www.textildruckimst.com\/unternehmen\/#primaryimage\"},\"image\":{\"@id\":\"https:\/\/www.textildruckimst.com\/unternehmen\/#primaryimage\"},\"thumbnailUrl\":\"http:\/\/ottennextcloud.ath.cx:8080\/wp-content\/uploads\/2024\/01\/Otten-Silder-Unernehmen-3.jpg\",\"datePublished\":\"2023-12-27T11:49:43+00:00\",\"dateModified\":\"2025-11-07T10:15:45+00:00\",\"breadcrumb\":{\"@id\":\"https:\/\/www.textildruckimst.com\/unternehmen\/#breadcrumb\"},\"inLanguage\":\"en-GB\",\"potentialAction\":[{\"@type\":\"ReadAction\",\"target\":[\"https:\/\/www.textildruckimst.com\/unternehmen\/\"]}]},{\"@type\":\"ImageObject\",\"inLanguage\":\"en-GB\",\"@id\":\"https:\/\/www.textildruckimst.com\/unternehmen\/#primaryimage\",\"url\":\"http:\/\/ottennextcloud.ath.cx:8080\/wp-content\/uploads\/2024\/01\/Otten-Silder-Unernehmen-3.jpg\",\"contentUrl\":\"http:\/\/ottennextcloud.ath.cx:8080\/wp-content\/uploads\/2024\/01\/Otten-Silder-Unernehmen-3.jpg\"},{\"@type\":\"BreadcrumbList\",\"@id\":\"https:\/\/www.textildruckimst.com\/unternehmen\/#breadcrumb\",\"itemListElement\":[{\"@type\":\"ListItem\",\"position\":1,\"name\":\"Startseite\",\"item\":\"https:\/\/www.textildruckimst.com\/\"},{\"@type\":\"ListItem\",\"position\":2,\"name\":\"Unternehmen alt\"}]},{\"@type\":\"WebSite\",\"@id\":\"https:\/\/www.textildruckimst.com\/#website\",\"url\":\"https:\/\/www.textildruckimst.com\/\",\"name\":\"Textildruck Imst GmbH\",\"description\":\"Stoffhersteller \u2013 H\u00f6chster Anspruch f\u00fcr Qualit\u00e4t und Umwelt. Hergestellt und zertifiziert in \u00d6sterreich.\",\"publisher\":{\"@id\":\"https:\/\/www.textildruckimst.com\/#organization\"},\"potentialAction\":[{\"@type\":\"SearchAction\",\"target\":{\"@type\":\"EntryPoint\",\"urlTemplate\":\"https:\/\/www.textildruckimst.com\/?s={search_term_string}\"},\"query-input\":{\"@type\":\"PropertyValueSpecification\",\"valueRequired\":true,\"valueName\":\"search_term_string\"}}],\"inLanguage\":\"en-GB\"},{\"@type\":\"Organization\",\"@id\":\"https:\/\/www.textildruckimst.com\/#organization\",\"name\":\"Textildruck Imst GmbH\",\"url\":\"https:\/\/www.textildruckimst.com\/\",\"logo\":{\"@type\":\"ImageObject\",\"inLanguage\":\"en-GB\",\"@id\":\"https:\/\/www.textildruckimst.com\/#\/schema\/logo\/image\/\",\"url\":\"https:\/\/www.textildruckimst.com\/wp-content\/uploads\/2025\/11\/cropped-image-1.jpg\",\"contentUrl\":\"https:\/\/www.textildruckimst.com\/wp-content\/uploads\/2025\/11\/cropped-image-1.jpg\",\"width\":335,\"height\":303,\"caption\":\"Textildruck Imst GmbH\"},\"image\":{\"@id\":\"https:\/\/www.textildruckimst.com\/#\/schema\/logo\/image\/\"}}]}<\/script>\n<!-- \/ Yoast SEO plugin. -->","yoast_head_json":{"title":"Unternehmen alt - Textildruck Imst GmbH","robots":{"index":"index","follow":"follow","max-snippet":"max-snippet:-1","max-image-preview":"max-image-preview:large","max-video-preview":"max-video-preview:-1"},"canonical":"https:\/\/www.textildruckimst.com\/en\/unternehmen\/","og_locale":"en_GB","og_type":"article","og_title":"Unternehmen alt - Textildruck Imst GmbH","og_description":"Unsere Philosophie \u2013 unser Produkt: Ein Zusammenspiel aus hochwertigen Stoffen, sch\u00f6ner Farb- und Designsprache \u2013 Made in Austria. JOSEF OTTEN ist ein \u00f6sterreichisches Textilunternehmen mit Sitz in Hohenems, Vorarlberg. Unser Unternehmen ist Anbieter von hochwertigen Kollektionen f\u00fcr die internationale Bekleidungsindustrie. Mit hoher Fachkompetenz und jahrzehntelanger Erfahrung in textilen Technologien sowie h\u00f6chsten Qualit\u00e4tsstandards beliefern wir heimische [&hellip;]","og_url":"https:\/\/www.textildruckimst.com\/en\/unternehmen\/","og_site_name":"Textildruck Imst GmbH","article_modified_time":"2025-11-07T10:15:45+00:00","og_image":[{"url":"http:\/\/ottennextcloud.ath.cx:8080\/wp-content\/uploads\/2024\/01\/Otten-Silder-Unernehmen-3.jpg","type":"","width":"","height":""}],"twitter_card":"summary_large_image","twitter_misc":{"Estimated reading time":"3 minutes"},"schema":{"@context":"https:\/\/schema.org","@graph":[{"@type":"WebPage","@id":"https:\/\/www.textildruckimst.com\/unternehmen\/","url":"https:\/\/www.textildruckimst.com\/unternehmen\/","name":"Unternehmen alt - Textildruck Imst GmbH","isPartOf":{"@id":"https:\/\/www.textildruckimst.com\/#website"},"primaryImageOfPage":{"@id":"https:\/\/www.textildruckimst.com\/unternehmen\/#primaryimage"},"image":{"@id":"https:\/\/www.textildruckimst.com\/unternehmen\/#primaryimage"},"thumbnailUrl":"http:\/\/ottennextcloud.ath.cx:8080\/wp-content\/uploads\/2024\/01\/Otten-Silder-Unernehmen-3.jpg","datePublished":"2023-12-27T11:49:43+00:00","dateModified":"2025-11-07T10:15:45+00:00","breadcrumb":{"@id":"https:\/\/www.textildruckimst.com\/unternehmen\/#breadcrumb"},"inLanguage":"en-GB","potentialAction":[{"@type":"ReadAction","target":["https:\/\/www.textildruckimst.com\/unternehmen\/"]}]},{"@type":"ImageObject","inLanguage":"en-GB","@id":"https:\/\/www.textildruckimst.com\/unternehmen\/#primaryimage","url":"http:\/\/ottennextcloud.ath.cx:8080\/wp-content\/uploads\/2024\/01\/Otten-Silder-Unernehmen-3.jpg","contentUrl":"http:\/\/ottennextcloud.ath.cx:8080\/wp-content\/uploads\/2024\/01\/Otten-Silder-Unernehmen-3.jpg"},{"@type":"BreadcrumbList","@id":"https:\/\/www.textildruckimst.com\/unternehmen\/#breadcrumb","itemListElement":[{"@type":"ListItem","position":1,"name":"Startseite","item":"https:\/\/www.textildruckimst.com\/"},{"@type":"ListItem","position":2,"name":"Unternehmen alt"}]},{"@type":"WebSite","@id":"https:\/\/www.textildruckimst.com\/#website","url":"https:\/\/www.textildruckimst.com\/","name":"Textildruck Imst GmbH","description":"Stoffhersteller \u2013 H\u00f6chster Anspruch f\u00fcr Qualit\u00e4t und Umwelt. Hergestellt und zertifiziert in \u00d6sterreich.","publisher":{"@id":"https:\/\/www.textildruckimst.com\/#organization"},"potentialAction":[{"@type":"SearchAction","target":{"@type":"EntryPoint","urlTemplate":"https:\/\/www.textildruckimst.com\/?s={search_term_string}"},"query-input":{"@type":"PropertyValueSpecification","valueRequired":true,"valueName":"search_term_string"}}],"inLanguage":"en-GB"},{"@type":"Organization","@id":"https:\/\/www.textildruckimst.com\/#organization","name":"Textildruck Imst GmbH","url":"https:\/\/www.textildruckimst.com\/","logo":{"@type":"ImageObject","inLanguage":"en-GB","@id":"https:\/\/www.textildruckimst.com\/#\/schema\/logo\/image\/","url":"https:\/\/www.textildruckimst.com\/wp-content\/uploads\/2025\/11\/cropped-image-1.jpg","contentUrl":"https:\/\/www.textildruckimst.com\/wp-content\/uploads\/2025\/11\/cropped-image-1.jpg","width":335,"height":303,"caption":"Textildruck Imst GmbH"},"image":{"@id":"https:\/\/www.textildruckimst.com\/#\/schema\/logo\/image\/"}}]}},"_links":{"self":[{"href":"https:\/\/www.textildruckimst.com\/en\/wp-json\/wp\/v2\/pages\/204","targetHints":{"allow":["GET"]}}],"collection":[{"href":"https:\/\/www.textildruckimst.com\/en\/wp-json\/wp\/v2\/pages"}],"about":[{"href":"https:\/\/www.textildruckimst.com\/en\/wp-json\/wp\/v2\/types\/page"}],"author":[{"embeddable":true,"href":"https:\/\/www.textildruckimst.com\/en\/wp-json\/wp\/v2\/users\/1"}],"replies":[{"embeddable":true,"href":"https:\/\/www.textildruckimst.com\/en\/wp-json\/wp\/v2\/comments?post=204"}],"version-history":[{"count":88,"href":"https:\/\/www.textildruckimst.com\/en\/wp-json\/wp\/v2\/pages\/204\/revisions"}],"predecessor-version":[{"id":1767,"href":"https:\/\/www.textildruckimst.com\/en\/wp-json\/wp\/v2\/pages\/204\/revisions\/1767"}],"wp:attachment":[{"href":"https:\/\/www.textildruckimst.com\/en\/wp-json\/wp\/v2\/media?parent=204"}],"curies":[{"name":"wp","href":"https:\/\/api.w.org\/{rel}","templated":true}]}}