{"id":202,"date":"2023-12-27T11:49:51","date_gmt":"2023-12-27T11:49:51","guid":{"rendered":"https:\/\/nw489nap.at.edis.global\/?page_id=202"},"modified":"2025-11-12T14:19:42","modified_gmt":"2025-11-12T14:19:42","slug":"kontakt","status":"publish","type":"page","link":"https:\/\/www.textildruckimst.com\/en\/kontakt\/","title":{"rendered":"Contact"},"content":{"rendered":"<div data-elementor-type=\"wp-page\" data-elementor-id=\"202\" class=\"elementor elementor-202\" data-elementor-post-type=\"page\">\n\t\t\t\t<div class=\"aux-parallax-section elementor-element elementor-element-1e306be e-flex e-con-boxed e-con e-parent\" data-id=\"1e306be\" data-element_type=\"container\" data-settings=\"{&quot;background_background&quot;:&quot;classic&quot;}\">\n\t\t\t\t\t<div class=\"e-con-inner\">\n\t\t\t\t\t<\/div>\n\t\t\t\t<\/div>\n\t\t<div class=\"aux-parallax-section elementor-element elementor-element-46e433e e-flex e-con-boxed e-con e-parent\" data-id=\"46e433e\" data-element_type=\"container\" data-settings=\"{&quot;background_background&quot;:&quot;classic&quot;}\">\n\t\t\t\t\t<div class=\"e-con-inner\">\n\t\t\t\t<div class=\"elementor-element elementor-element-19e3bac elementor-widget elementor-widget-heading\" data-id=\"19e3bac\" data-element_type=\"widget\" data-widget_type=\"heading.default\">\n\t\t\t\t<div class=\"elementor-widget-container\">\n\t\t\t\t\t<h1 class=\"elementor-heading-title elementor-size-default\">Your success is our goal. Please feel free to contact us.<\/h1>\t\t\t\t<\/div>\n\t\t\t\t<\/div>\n\t\t\t\t<div class=\"elementor-element elementor-element-d1586bc elementor-widget elementor-widget-spacer\" data-id=\"d1586bc\" data-element_type=\"widget\" data-widget_type=\"spacer.default\">\n\t\t\t\t<div class=\"elementor-widget-container\">\n\t\t\t\t\t\t\t<div class=\"elementor-spacer\">\n\t\t\t<div class=\"elementor-spacer-inner\"><\/div>\n\t\t<\/div>\n\t\t\t\t\t\t<\/div>\n\t\t\t\t<\/div>\n\t\t<div class=\"elementor-element elementor-element-0a40ae2 e-grid e-con-full e-con e-child\" data-id=\"0a40ae2\" data-element_type=\"container\">\n\t\t\t\t<div class=\"elementor-element elementor-element-f92ca11 elementor-widget elementor-widget-text-editor\" data-id=\"f92ca11\" data-element_type=\"widget\" data-widget_type=\"text-editor.default\">\n\t\t\t\t<div class=\"elementor-widget-container\">\n\t\t\t\t\t\t\t\t\t<p style=\"text-align: left\"><strong>Gesch\u00e4ftsf\u00fchrer: Christian Otten: <\/strong><a href=\"+43 664 855 79 79\">Tel. +43 664 855 79 79<\/a> I Mail: <a href=\"mailto:co@tdimst.at\">co@tdimst.at<\/a><\/p><p style=\"text-align: left\"><strong>Betriebsleiter: Jan Lichtenberger<\/strong>\u00a0Tel: <a href=\"+43 (0) 5412 6944 -19\">+43 (0) 5412 6944 -19<\/a>\u00a0I Mail: <a href=\"mailto:jl@tdimst.at\">jl@tdimst.at<\/a><\/p><p style=\"text-align: left\"><strong>Betriebsleiterin: Daniela Hairer <\/strong>Tel: <a href=\"+43 (0) 5412 6944 - 26\">+43 (0) 5412 6944 &#8211; 26 I<\/a>\u00a0Mail: <a href=\"mailto:dh@tdimst.at\">dh@tdimst.at<\/a><\/p><p style=\"text-align: left\"><strong>Vertriebsleitung: Ilona Menger <\/strong>Tel. <a href=\"+43 (0) 5412 6944 - 46\">+43 (0) 5412 6944 &#8211; 46<\/a> I Mail: <a href=\"mailto:im@tdimst.at\">im@tdimst.at<\/a><\/p><p style=\"text-align: left\"><strong>Einkauf\/Verkauf: Christiane Bernardi <\/strong>Tel: <a href=\"+43 (0) 5412 6944 - 48\">+43 (0) 5412 6944 &#8211; 48<\/a>\u00a0I Mail:\u00a0<a href=\"mailto:cb@tdimst.at\">cb@tdimst.at<\/a><\/p><p style=\"text-align: left\"><strong style=\"letter-spacing: 0.6px;text-align: right\">Key Account Manager:<\/strong> <strong style=\"letter-spacing: 0.6px;text-align: right\">Stephan Gl\u00e4ser <\/strong><span style=\"letter-spacing: 0.6px;text-align: right\">Tel. <\/span><a style=\"letter-spacing: 0.6px;text-align: right;background-color: #000000\" href=\"+49 (0) 162 2833 276\">+49 (0) 162 2833 276<\/a><span style=\"letter-spacing: 0.6px;text-align: right\">\u00a0I Mail:\u00a0<\/span><a style=\"letter-spacing: 0.6px;text-align: right;background-color: #000000\" href=\"mailto:sg@tdimst.at\">sg@tdimst.at<\/a><br \/>(Niederlassung Chemnitz)<\/p>\t\t\t\t\t\t\t\t<\/div>\n\t\t\t\t<\/div>\n\t\t\t\t<\/div>\n\t\t\t\t<div class=\"elementor-element elementor-element-ef81114 elementor-widget-divider--view-line elementor-widget elementor-widget-divider\" data-id=\"ef81114\" data-element_type=\"widget\" data-widget_type=\"divider.default\">\n\t\t\t\t<div class=\"elementor-widget-container\">\n\t\t\t\t\t\t\t<div class=\"elementor-divider\">\n\t\t\t<span class=\"elementor-divider-separator\">\n\t\t\t\t\t\t<\/span>\n\t\t<\/div>\n\t\t\t\t\t\t<\/div>\n\t\t\t\t<\/div>\n\t\t\t\t<div class=\"elementor-element elementor-element-278c7b9 elementor-widget-divider--view-line elementor-widget elementor-widget-divider\" data-id=\"278c7b9\" data-element_type=\"widget\" data-widget_type=\"divider.default\">\n\t\t\t\t<div class=\"elementor-widget-container\">\n\t\t\t\t\t\t\t<div class=\"elementor-divider\">\n\t\t\t<span class=\"elementor-divider-separator\">\n\t\t\t\t\t\t<\/span>\n\t\t<\/div>\n\t\t\t\t\t\t<\/div>\n\t\t\t\t<\/div>\n\t\t\t\t<div class=\"elementor-element elementor-element-84d6593 elementor-widget-divider--view-line elementor-widget elementor-widget-divider\" data-id=\"84d6593\" data-element_type=\"widget\" data-widget_type=\"divider.default\">\n\t\t\t\t<div class=\"elementor-widget-container\">\n\t\t\t\t\t\t\t<div class=\"elementor-divider\">\n\t\t\t<span class=\"elementor-divider-separator\">\n\t\t\t\t\t\t<\/span>\n\t\t<\/div>\n\t\t\t\t\t\t<\/div>\n\t\t\t\t<\/div>\n\t\t\t\t<div class=\"elementor-element elementor-element-4e06203 elementor-widget elementor-widget-google_maps\" data-id=\"4e06203\" data-element_type=\"widget\" data-widget_type=\"google_maps.default\">\n\t\t\t\t<div class=\"elementor-widget-container\">\n\t\t\t\t\t\t\t<div class=\"elementor-custom-embed\">\n\t\t\t<iframe loading=\"lazy\"\n\t\t\t\t\tsrc=\"https:\/\/maps.google.com\/maps?q=Textildruck%20Imst%2C%20Industriezone%203-4%2C%206460%20Imst%2C%20Austria&#038;t=m&#038;z=10&#038;output=embed&#038;iwloc=near\"\n\t\t\t\t\ttitle=\"Textildruck Imst, Industriezone 3-4, 6460 Imst, Austria\"\n\t\t\t\t\taria-label=\"Textildruck Imst, Industriezone 3-4, 6460 Imst, Austria\"\n\t\t\t><\/iframe>\n\t\t<\/div>\n\t\t\t\t\t\t<\/div>\n\t\t\t\t<\/div>\n\t\t\t\t<div class=\"elementor-element elementor-element-73ccf34 elementor-widget elementor-widget-google_maps\" data-id=\"73ccf34\" data-element_type=\"widget\" data-widget_type=\"google_maps.default\">\n\t\t\t\t<div class=\"elementor-widget-container\">\n\t\t\t\t\t\t\t<div class=\"elementor-custom-embed\">\n\t\t\t<iframe loading=\"lazy\"\n\t\t\t\t\tsrc=\"https:\/\/maps.google.com\/maps?q=Josef%20Otten%20GmbH%20Sch%C3%B6nherrstra%C3%9Fe%208%2009113%20Chemnitz%20I%20Deutschland&#038;t=m&#038;z=10&#038;output=embed&#038;iwloc=near\"\n\t\t\t\t\ttitle=\"Josef Otten GmbH Sch\u00f6nherrstra\u00dfe 8 09113 Chemnitz I Deutschland\"\n\t\t\t\t\taria-label=\"Josef Otten GmbH Sch\u00f6nherrstra\u00dfe 8 09113 Chemnitz I Deutschland\"\n\t\t\t><\/iframe>\n\t\t<\/div>\n\t\t\t\t\t\t<\/div>\n\t\t\t\t<\/div>\n\t\t\t\t<div class=\"elementor-element elementor-element-07a9071 elementor-align-center elementor-widget elementor-widget-button\" data-id=\"07a9071\" data-element_type=\"widget\" data-widget_type=\"button.default\">\n\t\t\t\t<div class=\"elementor-widget-container\">\n\t\t\t\t\t\t\t\t\t<div class=\"elementor-button-wrapper\">\n\t\t\t\t\t<a class=\"elementor-button elementor-button-link elementor-size-xl\" href=\"https:\/\/www.textildruckimst.com\/en\/\">\n\t\t\t\t\t\t<span class=\"elementor-button-content-wrapper\">\n\t\t\t\t\t\t\t\t\t<span class=\"elementor-button-text\">Back to home<\/span>\n\t\t\t\t\t<\/span>\n\t\t\t\t\t<\/a>\n\t\t\t\t<\/div>\n\t\t\t\t\t\t\t\t<\/div>\n\t\t\t\t<\/div>\n\t\t\t\t\t<\/div>\n\t\t\t\t<\/div>\n\t\t\t\t<\/div>","protected":false},"excerpt":{"rendered":"<p>Ihr Erfolg ist unser Ziel. Nehmen Sie Kontakt zu uns auf. Gesch\u00e4ftsf\u00fchrer: Christian Otten: Tel. +43 664 855 79 79 I Mail: co@tdimst.at Betriebsleiter: Jan Lichtenberger\u00a0Tel: +43 (0) 5412 6944 -19\u00a0I Mail: jl@tdimst.at Betriebsleiterin: Daniela Hairer Tel: +43 (0) 5412 6944 &#8211; 26 I\u00a0Mail: dh@tdimst.at Vertriebsleitung: Ilona Menger Tel. +43 (0) 5412 6944 &#8211; 46 [&hellip;]<\/p>","protected":false},"author":1,"featured_media":0,"parent":0,"menu_order":0,"comment_status":"closed","ping_status":"closed","template":"elementor_header_footer","meta":{"footnotes":""},"class_list":["post-202","page","type-page","status-publish","hentry"],"yoast_head":"<!-- This site is optimized with the Yoast SEO plugin v26.6 - https:\/\/yoast.com\/wordpress\/plugins\/seo\/ -->\n<title>Kontakt - Textildruck Imst GmbH<\/title>\n<meta name=\"robots\" content=\"index, follow, max-snippet:-1, max-image-preview:large, max-video-preview:-1\" \/>\n<link rel=\"canonical\" href=\"https:\/\/www.textildruckimst.com\/en\/kontakt\/\" \/>\n<meta property=\"og:locale\" content=\"en_GB\" \/>\n<meta property=\"og:type\" content=\"article\" \/>\n<meta property=\"og:title\" content=\"Kontakt - Textildruck Imst GmbH\" \/>\n<meta property=\"og:description\" content=\"Ihr Erfolg ist unser Ziel. Nehmen Sie Kontakt zu uns auf. Gesch\u00e4ftsf\u00fchrer: Christian Otten: Tel. +43 664 855 79 79 I Mail: co@tdimst.at Betriebsleiter: Jan Lichtenberger\u00a0Tel: +43 (0) 5412 6944 -19\u00a0I Mail: jl@tdimst.at Betriebsleiterin: Daniela Hairer Tel: +43 (0) 5412 6944 &#8211; 26 I\u00a0Mail: dh@tdimst.at Vertriebsleitung: Ilona Menger Tel. +43 (0) 5412 6944 &#8211; 46 [&hellip;]\" \/>\n<meta property=\"og:url\" content=\"https:\/\/www.textildruckimst.com\/en\/kontakt\/\" \/>\n<meta property=\"og:site_name\" content=\"Textildruck Imst GmbH\" \/>\n<meta property=\"article:modified_time\" content=\"2025-11-12T14:19:42+00:00\" \/>\n<meta name=\"twitter:card\" content=\"summary_large_image\" \/>\n<meta name=\"twitter:label1\" content=\"Estimated reading time\" \/>\n\t<meta name=\"twitter:data1\" content=\"1 minute\" \/>\n<script type=\"application\/ld+json\" class=\"yoast-schema-graph\">{\"@context\":\"https:\/\/schema.org\",\"@graph\":[{\"@type\":\"WebPage\",\"@id\":\"https:\/\/www.textildruckimst.com\/kontakt\/\",\"url\":\"https:\/\/www.textildruckimst.com\/kontakt\/\",\"name\":\"Kontakt - Textildruck Imst GmbH\",\"isPartOf\":{\"@id\":\"https:\/\/www.textildruckimst.com\/#website\"},\"datePublished\":\"2023-12-27T11:49:51+00:00\",\"dateModified\":\"2025-11-12T14:19:42+00:00\",\"breadcrumb\":{\"@id\":\"https:\/\/www.textildruckimst.com\/kontakt\/#breadcrumb\"},\"inLanguage\":\"en-GB\",\"potentialAction\":[{\"@type\":\"ReadAction\",\"target\":[\"https:\/\/www.textildruckimst.com\/kontakt\/\"]}]},{\"@type\":\"BreadcrumbList\",\"@id\":\"https:\/\/www.textildruckimst.com\/kontakt\/#breadcrumb\",\"itemListElement\":[{\"@type\":\"ListItem\",\"position\":1,\"name\":\"Startseite\",\"item\":\"https:\/\/www.textildruckimst.com\/\"},{\"@type\":\"ListItem\",\"position\":2,\"name\":\"Kontakt\"}]},{\"@type\":\"WebSite\",\"@id\":\"https:\/\/www.textildruckimst.com\/#website\",\"url\":\"https:\/\/www.textildruckimst.com\/\",\"name\":\"Textildruck Imst GmbH\",\"description\":\"Stoffhersteller \u2013 H\u00f6chster Anspruch f\u00fcr Qualit\u00e4t und Umwelt. Hergestellt und zertifiziert in \u00d6sterreich.\",\"publisher\":{\"@id\":\"https:\/\/www.textildruckimst.com\/#organization\"},\"potentialAction\":[{\"@type\":\"SearchAction\",\"target\":{\"@type\":\"EntryPoint\",\"urlTemplate\":\"https:\/\/www.textildruckimst.com\/?s={search_term_string}\"},\"query-input\":{\"@type\":\"PropertyValueSpecification\",\"valueRequired\":true,\"valueName\":\"search_term_string\"}}],\"inLanguage\":\"en-GB\"},{\"@type\":\"Organization\",\"@id\":\"https:\/\/www.textildruckimst.com\/#organization\",\"name\":\"Textildruck Imst GmbH\",\"url\":\"https:\/\/www.textildruckimst.com\/\",\"logo\":{\"@type\":\"ImageObject\",\"inLanguage\":\"en-GB\",\"@id\":\"https:\/\/www.textildruckimst.com\/#\/schema\/logo\/image\/\",\"url\":\"https:\/\/www.textildruckimst.com\/wp-content\/uploads\/2025\/11\/cropped-image-1.jpg\",\"contentUrl\":\"https:\/\/www.textildruckimst.com\/wp-content\/uploads\/2025\/11\/cropped-image-1.jpg\",\"width\":335,\"height\":303,\"caption\":\"Textildruck Imst GmbH\"},\"image\":{\"@id\":\"https:\/\/www.textildruckimst.com\/#\/schema\/logo\/image\/\"}}]}<\/script>\n<!-- \/ Yoast SEO plugin. -->","yoast_head_json":{"title":"Kontakt - Textildruck Imst GmbH","robots":{"index":"index","follow":"follow","max-snippet":"max-snippet:-1","max-image-preview":"max-image-preview:large","max-video-preview":"max-video-preview:-1"},"canonical":"https:\/\/www.textildruckimst.com\/en\/kontakt\/","og_locale":"en_GB","og_type":"article","og_title":"Kontakt - Textildruck Imst GmbH","og_description":"Ihr Erfolg ist unser Ziel. Nehmen Sie Kontakt zu uns auf. Gesch\u00e4ftsf\u00fchrer: Christian Otten: Tel. +43 664 855 79 79 I Mail: co@tdimst.at Betriebsleiter: Jan Lichtenberger\u00a0Tel: +43 (0) 5412 6944 -19\u00a0I Mail: jl@tdimst.at Betriebsleiterin: Daniela Hairer Tel: +43 (0) 5412 6944 &#8211; 26 I\u00a0Mail: dh@tdimst.at Vertriebsleitung: Ilona Menger Tel. +43 (0) 5412 6944 &#8211; 46 [&hellip;]","og_url":"https:\/\/www.textildruckimst.com\/en\/kontakt\/","og_site_name":"Textildruck Imst GmbH","article_modified_time":"2025-11-12T14:19:42+00:00","twitter_card":"summary_large_image","twitter_misc":{"Estimated reading time":"1 minute"},"schema":{"@context":"https:\/\/schema.org","@graph":[{"@type":"WebPage","@id":"https:\/\/www.textildruckimst.com\/kontakt\/","url":"https:\/\/www.textildruckimst.com\/kontakt\/","name":"Kontakt - Textildruck Imst GmbH","isPartOf":{"@id":"https:\/\/www.textildruckimst.com\/#website"},"datePublished":"2023-12-27T11:49:51+00:00","dateModified":"2025-11-12T14:19:42+00:00","breadcrumb":{"@id":"https:\/\/www.textildruckimst.com\/kontakt\/#breadcrumb"},"inLanguage":"en-GB","potentialAction":[{"@type":"ReadAction","target":["https:\/\/www.textildruckimst.com\/kontakt\/"]}]},{"@type":"BreadcrumbList","@id":"https:\/\/www.textildruckimst.com\/kontakt\/#breadcrumb","itemListElement":[{"@type":"ListItem","position":1,"name":"Startseite","item":"https:\/\/www.textildruckimst.com\/"},{"@type":"ListItem","position":2,"name":"Kontakt"}]},{"@type":"WebSite","@id":"https:\/\/www.textildruckimst.com\/#website","url":"https:\/\/www.textildruckimst.com\/","name":"Textildruck Imst GmbH","description":"Stoffhersteller \u2013 H\u00f6chster Anspruch f\u00fcr Qualit\u00e4t und Umwelt. Hergestellt und zertifiziert in \u00d6sterreich.","publisher":{"@id":"https:\/\/www.textildruckimst.com\/#organization"},"potentialAction":[{"@type":"SearchAction","target":{"@type":"EntryPoint","urlTemplate":"https:\/\/www.textildruckimst.com\/?s={search_term_string}"},"query-input":{"@type":"PropertyValueSpecification","valueRequired":true,"valueName":"search_term_string"}}],"inLanguage":"en-GB"},{"@type":"Organization","@id":"https:\/\/www.textildruckimst.com\/#organization","name":"Textildruck Imst GmbH","url":"https:\/\/www.textildruckimst.com\/","logo":{"@type":"ImageObject","inLanguage":"en-GB","@id":"https:\/\/www.textildruckimst.com\/#\/schema\/logo\/image\/","url":"https:\/\/www.textildruckimst.com\/wp-content\/uploads\/2025\/11\/cropped-image-1.jpg","contentUrl":"https:\/\/www.textildruckimst.com\/wp-content\/uploads\/2025\/11\/cropped-image-1.jpg","width":335,"height":303,"caption":"Textildruck Imst GmbH"},"image":{"@id":"https:\/\/www.textildruckimst.com\/#\/schema\/logo\/image\/"}}]}},"_links":{"self":[{"href":"https:\/\/www.textildruckimst.com\/en\/wp-json\/wp\/v2\/pages\/202","targetHints":{"allow":["GET"]}}],"collection":[{"href":"https:\/\/www.textildruckimst.com\/en\/wp-json\/wp\/v2\/pages"}],"about":[{"href":"https:\/\/www.textildruckimst.com\/en\/wp-json\/wp\/v2\/types\/page"}],"author":[{"embeddable":true,"href":"https:\/\/www.textildruckimst.com\/en\/wp-json\/wp\/v2\/users\/1"}],"replies":[{"embeddable":true,"href":"https:\/\/www.textildruckimst.com\/en\/wp-json\/wp\/v2\/comments?post=202"}],"version-history":[{"count":179,"href":"https:\/\/www.textildruckimst.com\/en\/wp-json\/wp\/v2\/pages\/202\/revisions"}],"predecessor-version":[{"id":2021,"href":"https:\/\/www.textildruckimst.com\/en\/wp-json\/wp\/v2\/pages\/202\/revisions\/2021"}],"wp:attachment":[{"href":"https:\/\/www.textildruckimst.com\/en\/wp-json\/wp\/v2\/media?parent=202"}],"curies":[{"name":"wp","href":"https:\/\/api.w.org\/{rel}","templated":true}]}}