{"id":200,"date":"2023-12-27T11:49:11","date_gmt":"2023-12-27T11:49:11","guid":{"rendered":"https:\/\/nw489nap.at.edis.global\/?page_id=200"},"modified":"2024-04-16T11:54:21","modified_gmt":"2024-04-16T11:54:21","slug":"homewear","status":"publish","type":"page","link":"https:\/\/www.textildruckimst.com\/en\/homewear\/","title":{"rendered":"Homewear"},"content":{"rendered":"<div data-elementor-type=\"wp-page\" data-elementor-id=\"200\" class=\"elementor elementor-200\" data-elementor-post-type=\"page\">\n\t\t\t\t<div class=\"aux-parallax-section elementor-element elementor-element-1e306be e-flex e-con-boxed e-con e-parent\" data-id=\"1e306be\" data-element_type=\"container\" data-settings=\"{&quot;background_background&quot;:&quot;classic&quot;,&quot;section_parallax_on&quot;:&quot;yes&quot;,&quot;section_parallax_value&quot;:{&quot;unit&quot;:&quot;px&quot;,&quot;size&quot;:-70,&quot;sizes&quot;:[]},&quot;ep_parallax_bg_colors&quot;:&quot;yes&quot;,&quot;section_parallax_x_value&quot;:{&quot;unit&quot;:&quot;px&quot;,&quot;size&quot;:&quot;&quot;,&quot;sizes&quot;:[]}}\">\n\t\t\t\t\t<div class=\"e-con-inner\">\n\t\t\t\t\t<\/div>\n\t\t\t\t<\/div>\n\t\t<div class=\"aux-parallax-section elementor-element elementor-element-46e433e e-flex e-con-boxed e-con e-parent\" data-id=\"46e433e\" data-element_type=\"container\" data-settings=\"{&quot;background_background&quot;:&quot;classic&quot;}\">\n\t\t\t\t\t<div class=\"e-con-inner\">\n\t\t\t\t<div class=\"elementor-element elementor-element-19e3bac elementor-widget elementor-widget-heading\" data-id=\"19e3bac\" data-element_type=\"widget\" data-widget_type=\"heading.default\">\n\t\t\t\t<div class=\"elementor-widget-container\">\n\t\t\t\t\t<h1 class=\"elementor-heading-title elementor-size-default\">Good quality can be felt.<\/h1>\t\t\t\t<\/div>\n\t\t\t\t<\/div>\n\t\t\t\t<div class=\"elementor-element elementor-element-812df3c elementor-widget elementor-widget-text-editor\" data-id=\"812df3c\" data-element_type=\"widget\" data-widget_type=\"text-editor.default\">\n\t\t\t\t<div class=\"elementor-widget-container\">\n\t\t\t\t\t\t\t\t\t<p class=\" translation-block\">Discover the world of high-quality fabrics and unique designs in the homewear sector.<\/p><p class=\" translation-block\">Our materials meet the highest quality standards, and the designs are characterized by timeless elegance. Our customers can underline their own style from a variety of designs. You are welcome to be inspired by our creative design team or there is also the opportunity to realize your own design proposals.<\/p><p class=\" translation-block\">We understand that every customer is unique. That's why we are at our customers' side to fulfil their individual wishes. Whether special colour preferences, unusual patterns, or special requirements for materials. We offer flexible solutions to implement our customers' ideas accordingly.<\/p>\t\t\t\t\t\t\t\t<\/div>\n\t\t\t\t<\/div>\n\t\t\t\t<div class=\"elementor-element elementor-element-35ae0b8 elementor-arrows-position-inside elementor-widget elementor-widget-image-carousel\" data-id=\"35ae0b8\" data-element_type=\"widget\" data-settings=\"{&quot;slides_to_show&quot;:&quot;1&quot;,&quot;navigation&quot;:&quot;arrows&quot;,&quot;effect&quot;:&quot;fade&quot;,&quot;autoplay&quot;:&quot;yes&quot;,&quot;pause_on_hover&quot;:&quot;yes&quot;,&quot;pause_on_interaction&quot;:&quot;yes&quot;,&quot;autoplay_speed&quot;:5000,&quot;infinite&quot;:&quot;yes&quot;,&quot;speed&quot;:500}\" data-widget_type=\"image-carousel.default\">\n\t\t\t\t<div class=\"elementor-widget-container\">\n\t\t\t\t\t\t\t<div class=\"elementor-image-carousel-wrapper swiper\" role=\"region\" aria-roledescription=\"carousel\" aria-label=\"Image Carousel\" dir=\"ltr\" data-no-translation-aria-label=\"\">\n\t\t\t<div class=\"elementor-image-carousel swiper-wrapper swiper-image-stretch\" aria-live=\"off\">\n\t\t\t\t\t\t\t\t<div class=\"swiper-slide\" role=\"group\" aria-roledescription=\"slide\" aria-label=\"1 of 6\" data-no-translation-aria-label=\"\"><figure class=\"swiper-slide-inner\"><img decoding=\"async\" class=\"swiper-slide-image\" src=\"https:\/\/www.textildruckimst.com\/wp-content\/uploads\/2024\/02\/Otten-Stoffe-Homewear-24-1.jpg\" alt=\"Otten-Stoffe-Homewear-24-1\" \/><\/figure><\/div><div class=\"swiper-slide\" role=\"group\" aria-roledescription=\"slide\" aria-label=\"2 of 6\" data-no-translation-aria-label=\"\"><figure class=\"swiper-slide-inner\"><img decoding=\"async\" class=\"swiper-slide-image\" src=\"https:\/\/www.textildruckimst.com\/wp-content\/uploads\/2024\/02\/Otten-Stoffe-Homewear-24-2.jpg\" alt=\"Otten-Stoffe-Homewear-24-2\" \/><\/figure><\/div><div class=\"swiper-slide\" role=\"group\" aria-roledescription=\"slide\" aria-label=\"3 of 6\" data-no-translation-aria-label=\"\"><figure class=\"swiper-slide-inner\"><img decoding=\"async\" class=\"swiper-slide-image\" src=\"https:\/\/www.textildruckimst.com\/wp-content\/uploads\/2024\/02\/Otten-Stoffe-Homewear-24-3.jpg\" alt=\"Otten-Stoffe-Homewear-24-3\" \/><\/figure><\/div><div class=\"swiper-slide\" role=\"group\" aria-roledescription=\"slide\" aria-label=\"4 of 6\" data-no-translation-aria-label=\"\"><figure class=\"swiper-slide-inner\"><img decoding=\"async\" class=\"swiper-slide-image\" src=\"https:\/\/www.textildruckimst.com\/wp-content\/uploads\/2024\/02\/Otten-Stoffe-Homewear-24-4.jpg\" alt=\"Otten-Stoffe-Homewear-24-4\" \/><\/figure><\/div><div class=\"swiper-slide\" role=\"group\" aria-roledescription=\"slide\" aria-label=\"5 of 6\" data-no-translation-aria-label=\"\"><figure class=\"swiper-slide-inner\"><img decoding=\"async\" class=\"swiper-slide-image\" src=\"https:\/\/www.textildruckimst.com\/wp-content\/uploads\/2024\/02\/Otten-Stoffe-Homewear-24-5.jpg\" alt=\"Otten-Stoffe-Homewear-24-5\" \/><\/figure><\/div><div class=\"swiper-slide\" role=\"group\" aria-roledescription=\"slide\" aria-label=\"6 of 6\" data-no-translation-aria-label=\"\"><figure class=\"swiper-slide-inner\"><img decoding=\"async\" class=\"swiper-slide-image\" src=\"https:\/\/www.textildruckimst.com\/wp-content\/uploads\/2024\/02\/Otten-Stoffe-Homewear-24-6.jpg\" alt=\"Otten-Stoffe-Homewear-24-6\" \/><\/figure><\/div>\t\t\t<\/div>\n\t\t\t\t\t\t\t\t\t\t\t\t<div class=\"elementor-swiper-button elementor-swiper-button-prev\" role=\"button\" tabindex=\"0\">\n\t\t\t\t\t\t<svg aria-hidden=\"true\" class=\"e-font-icon-svg e-eicon-chevron-left\" viewbox=\"0 0 1000 1000\" xmlns=\"http:\/\/www.w3.org\/2000\/svg\"><path d=\"M646 125C629 125 613 133 604 142L308 442C296 454 292 471 292 487 292 504 296 521 308 533L604 854C617 867 629 875 646 875 663 875 679 871 692 858 704 846 713 829 713 812 713 796 708 779 692 767L438 487 692 225C700 217 708 204 708 187 708 171 704 154 692 142 675 129 663 125 646 125Z\"><\/path><\/svg>\t\t\t\t\t<\/div>\n\t\t\t\t\t<div class=\"elementor-swiper-button elementor-swiper-button-next\" role=\"button\" tabindex=\"0\">\n\t\t\t\t\t\t<svg aria-hidden=\"true\" class=\"e-font-icon-svg e-eicon-chevron-right\" viewbox=\"0 0 1000 1000\" xmlns=\"http:\/\/www.w3.org\/2000\/svg\"><path d=\"M696 533C708 521 713 504 713 487 713 471 708 454 696 446L400 146C388 133 375 125 354 125 338 125 325 129 313 142 300 154 292 171 292 187 292 204 296 221 308 233L563 492 304 771C292 783 288 800 288 817 288 833 296 850 308 863 321 871 338 875 354 875 371 875 388 867 400 854L696 533Z\"><\/path><\/svg>\t\t\t\t\t<\/div>\n\t\t\t\t\n\t\t\t\t\t\t\t\t\t<\/div>\n\t\t\t\t\t\t<\/div>\n\t\t\t\t<\/div>\n\t\t\t\t<div class=\"elementor-element elementor-element-5df14cf elementor-align-center elementor-widget elementor-widget-button\" data-id=\"5df14cf\" data-element_type=\"widget\" data-widget_type=\"button.default\">\n\t\t\t\t<div class=\"elementor-widget-container\">\n\t\t\t\t\t\t\t\t\t<div class=\"elementor-button-wrapper\">\n\t\t\t\t\t<a class=\"elementor-button elementor-button-link elementor-size-lg\" href=\"https:\/\/www.textildruckimst.com\/en\/kontakt\/\">\n\t\t\t\t\t\t<span class=\"elementor-button-content-wrapper\">\n\t\t\t\t\t\t\t\t\t<span class=\"elementor-button-text\">Please get in touch<\/span>\n\t\t\t\t\t<\/span>\n\t\t\t\t\t<\/a>\n\t\t\t\t<\/div>\n\t\t\t\t\t\t\t\t<\/div>\n\t\t\t\t<\/div>\n\t\t\t\t\t<\/div>\n\t\t\t\t<\/div>\n\t\t\t\t<\/div>","protected":false},"excerpt":{"rendered":"<p>Gute Qualit\u00e4t ist sp\u00fcrbar. Entdecken Sie die Welt hochwertiger Stoffe und einzigartiger Designs im Bereich Homewear. Unsere Materialien entsprechen h\u00f6chsten Qualit\u00e4tsstandards und die Designs zeichnen sich durch zeitlose Eleganz aus. Unsere Kunden k\u00f6nnen aus einer Vielzahl an Designs ihre eigene Stilrichtung unterstreichen. Sie k\u00f6nnen sich gerne von unserem kreativen Designteam inspirieren lassen oder es besteht [&hellip;]<\/p>","protected":false},"author":1,"featured_media":0,"parent":0,"menu_order":0,"comment_status":"closed","ping_status":"closed","template":"elementor_header_footer","meta":{"footnotes":""},"class_list":["post-200","page","type-page","status-publish","hentry"],"yoast_head":"<!-- This site is optimized with the Yoast SEO plugin v26.6 - https:\/\/yoast.com\/wordpress\/plugins\/seo\/ -->\n<title>Homewear - Textildruck Imst GmbH<\/title>\n<meta name=\"robots\" content=\"index, follow, max-snippet:-1, max-image-preview:large, max-video-preview:-1\" \/>\n<link rel=\"canonical\" href=\"https:\/\/www.textildruckimst.com\/en\/homewear\/\" \/>\n<meta property=\"og:locale\" content=\"en_GB\" \/>\n<meta property=\"og:type\" content=\"article\" \/>\n<meta property=\"og:title\" content=\"Homewear - Textildruck Imst GmbH\" \/>\n<meta property=\"og:description\" content=\"Gute Qualit\u00e4t ist sp\u00fcrbar. Entdecken Sie die Welt hochwertiger Stoffe und einzigartiger Designs im Bereich Homewear. Unsere Materialien entsprechen h\u00f6chsten Qualit\u00e4tsstandards und die Designs zeichnen sich durch zeitlose Eleganz aus. Unsere Kunden k\u00f6nnen aus einer Vielzahl an Designs ihre eigene Stilrichtung unterstreichen. Sie k\u00f6nnen sich gerne von unserem kreativen Designteam inspirieren lassen oder es besteht [&hellip;]\" \/>\n<meta property=\"og:url\" content=\"https:\/\/www.textildruckimst.com\/en\/homewear\/\" \/>\n<meta property=\"og:site_name\" content=\"Textildruck Imst GmbH\" \/>\n<meta property=\"article:modified_time\" content=\"2024-04-16T11:54:21+00:00\" \/>\n<meta property=\"og:image\" content=\"http:\/\/ottennextcloud.ath.cx:8080\/wp-content\/uploads\/2024\/02\/Otten-Stoffe-Homewear-24-1.jpg\" \/>\n<meta name=\"twitter:card\" content=\"summary_large_image\" \/>\n<meta name=\"twitter:label1\" content=\"Estimated reading time\" \/>\n\t<meta name=\"twitter:data1\" content=\"3 minutes\" \/>\n<script type=\"application\/ld+json\" class=\"yoast-schema-graph\">{\"@context\":\"https:\/\/schema.org\",\"@graph\":[{\"@type\":\"WebPage\",\"@id\":\"https:\/\/www.textildruckimst.com\/homewear\/\",\"url\":\"https:\/\/www.textildruckimst.com\/homewear\/\",\"name\":\"Homewear - Textildruck Imst GmbH\",\"isPartOf\":{\"@id\":\"https:\/\/www.textildruckimst.com\/#website\"},\"primaryImageOfPage\":{\"@id\":\"https:\/\/www.textildruckimst.com\/homewear\/#primaryimage\"},\"image\":{\"@id\":\"https:\/\/www.textildruckimst.com\/homewear\/#primaryimage\"},\"thumbnailUrl\":\"http:\/\/ottennextcloud.ath.cx:8080\/wp-content\/uploads\/2024\/02\/Otten-Stoffe-Homewear-24-1.jpg\",\"datePublished\":\"2023-12-27T11:49:11+00:00\",\"dateModified\":\"2024-04-16T11:54:21+00:00\",\"breadcrumb\":{\"@id\":\"https:\/\/www.textildruckimst.com\/homewear\/#breadcrumb\"},\"inLanguage\":\"en-GB\",\"potentialAction\":[{\"@type\":\"ReadAction\",\"target\":[\"https:\/\/www.textildruckimst.com\/homewear\/\"]}]},{\"@type\":\"ImageObject\",\"inLanguage\":\"en-GB\",\"@id\":\"https:\/\/www.textildruckimst.com\/homewear\/#primaryimage\",\"url\":\"http:\/\/ottennextcloud.ath.cx:8080\/wp-content\/uploads\/2024\/02\/Otten-Stoffe-Homewear-24-1.jpg\",\"contentUrl\":\"http:\/\/ottennextcloud.ath.cx:8080\/wp-content\/uploads\/2024\/02\/Otten-Stoffe-Homewear-24-1.jpg\"},{\"@type\":\"BreadcrumbList\",\"@id\":\"https:\/\/www.textildruckimst.com\/homewear\/#breadcrumb\",\"itemListElement\":[{\"@type\":\"ListItem\",\"position\":1,\"name\":\"Startseite\",\"item\":\"https:\/\/www.textildruckimst.com\/\"},{\"@type\":\"ListItem\",\"position\":2,\"name\":\"Homewear\"}]},{\"@type\":\"WebSite\",\"@id\":\"https:\/\/www.textildruckimst.com\/#website\",\"url\":\"https:\/\/www.textildruckimst.com\/\",\"name\":\"Textildruck Imst GmbH\",\"description\":\"Stoffhersteller \u2013 H\u00f6chster Anspruch f\u00fcr Qualit\u00e4t und Umwelt. Hergestellt und zertifiziert in \u00d6sterreich.\",\"publisher\":{\"@id\":\"https:\/\/www.textildruckimst.com\/#organization\"},\"potentialAction\":[{\"@type\":\"SearchAction\",\"target\":{\"@type\":\"EntryPoint\",\"urlTemplate\":\"https:\/\/www.textildruckimst.com\/?s={search_term_string}\"},\"query-input\":{\"@type\":\"PropertyValueSpecification\",\"valueRequired\":true,\"valueName\":\"search_term_string\"}}],\"inLanguage\":\"en-GB\"},{\"@type\":\"Organization\",\"@id\":\"https:\/\/www.textildruckimst.com\/#organization\",\"name\":\"Textildruck Imst GmbH\",\"url\":\"https:\/\/www.textildruckimst.com\/\",\"logo\":{\"@type\":\"ImageObject\",\"inLanguage\":\"en-GB\",\"@id\":\"https:\/\/www.textildruckimst.com\/#\/schema\/logo\/image\/\",\"url\":\"https:\/\/www.textildruckimst.com\/wp-content\/uploads\/2025\/11\/cropped-image-1.jpg\",\"contentUrl\":\"https:\/\/www.textildruckimst.com\/wp-content\/uploads\/2025\/11\/cropped-image-1.jpg\",\"width\":335,\"height\":303,\"caption\":\"Textildruck Imst GmbH\"},\"image\":{\"@id\":\"https:\/\/www.textildruckimst.com\/#\/schema\/logo\/image\/\"}}]}<\/script>\n<!-- \/ Yoast SEO plugin. -->","yoast_head_json":{"title":"Homewear - Textildruck Imst GmbH","robots":{"index":"index","follow":"follow","max-snippet":"max-snippet:-1","max-image-preview":"max-image-preview:large","max-video-preview":"max-video-preview:-1"},"canonical":"https:\/\/www.textildruckimst.com\/en\/homewear\/","og_locale":"en_GB","og_type":"article","og_title":"Homewear - Textildruck Imst GmbH","og_description":"Gute Qualit\u00e4t ist sp\u00fcrbar. Entdecken Sie die Welt hochwertiger Stoffe und einzigartiger Designs im Bereich Homewear. Unsere Materialien entsprechen h\u00f6chsten Qualit\u00e4tsstandards und die Designs zeichnen sich durch zeitlose Eleganz aus. Unsere Kunden k\u00f6nnen aus einer Vielzahl an Designs ihre eigene Stilrichtung unterstreichen. Sie k\u00f6nnen sich gerne von unserem kreativen Designteam inspirieren lassen oder es besteht [&hellip;]","og_url":"https:\/\/www.textildruckimst.com\/en\/homewear\/","og_site_name":"Textildruck Imst GmbH","article_modified_time":"2024-04-16T11:54:21+00:00","og_image":[{"url":"http:\/\/ottennextcloud.ath.cx:8080\/wp-content\/uploads\/2024\/02\/Otten-Stoffe-Homewear-24-1.jpg","type":"","width":"","height":""}],"twitter_card":"summary_large_image","twitter_misc":{"Estimated reading time":"3 minutes"},"schema":{"@context":"https:\/\/schema.org","@graph":[{"@type":"WebPage","@id":"https:\/\/www.textildruckimst.com\/homewear\/","url":"https:\/\/www.textildruckimst.com\/homewear\/","name":"Homewear - Textildruck Imst GmbH","isPartOf":{"@id":"https:\/\/www.textildruckimst.com\/#website"},"primaryImageOfPage":{"@id":"https:\/\/www.textildruckimst.com\/homewear\/#primaryimage"},"image":{"@id":"https:\/\/www.textildruckimst.com\/homewear\/#primaryimage"},"thumbnailUrl":"http:\/\/ottennextcloud.ath.cx:8080\/wp-content\/uploads\/2024\/02\/Otten-Stoffe-Homewear-24-1.jpg","datePublished":"2023-12-27T11:49:11+00:00","dateModified":"2024-04-16T11:54:21+00:00","breadcrumb":{"@id":"https:\/\/www.textildruckimst.com\/homewear\/#breadcrumb"},"inLanguage":"en-GB","potentialAction":[{"@type":"ReadAction","target":["https:\/\/www.textildruckimst.com\/homewear\/"]}]},{"@type":"ImageObject","inLanguage":"en-GB","@id":"https:\/\/www.textildruckimst.com\/homewear\/#primaryimage","url":"http:\/\/ottennextcloud.ath.cx:8080\/wp-content\/uploads\/2024\/02\/Otten-Stoffe-Homewear-24-1.jpg","contentUrl":"http:\/\/ottennextcloud.ath.cx:8080\/wp-content\/uploads\/2024\/02\/Otten-Stoffe-Homewear-24-1.jpg"},{"@type":"BreadcrumbList","@id":"https:\/\/www.textildruckimst.com\/homewear\/#breadcrumb","itemListElement":[{"@type":"ListItem","position":1,"name":"Startseite","item":"https:\/\/www.textildruckimst.com\/"},{"@type":"ListItem","position":2,"name":"Homewear"}]},{"@type":"WebSite","@id":"https:\/\/www.textildruckimst.com\/#website","url":"https:\/\/www.textildruckimst.com\/","name":"Textildruck Imst GmbH","description":"Stoffhersteller \u2013 H\u00f6chster Anspruch f\u00fcr Qualit\u00e4t und Umwelt. Hergestellt und zertifiziert in \u00d6sterreich.","publisher":{"@id":"https:\/\/www.textildruckimst.com\/#organization"},"potentialAction":[{"@type":"SearchAction","target":{"@type":"EntryPoint","urlTemplate":"https:\/\/www.textildruckimst.com\/?s={search_term_string}"},"query-input":{"@type":"PropertyValueSpecification","valueRequired":true,"valueName":"search_term_string"}}],"inLanguage":"en-GB"},{"@type":"Organization","@id":"https:\/\/www.textildruckimst.com\/#organization","name":"Textildruck Imst GmbH","url":"https:\/\/www.textildruckimst.com\/","logo":{"@type":"ImageObject","inLanguage":"en-GB","@id":"https:\/\/www.textildruckimst.com\/#\/schema\/logo\/image\/","url":"https:\/\/www.textildruckimst.com\/wp-content\/uploads\/2025\/11\/cropped-image-1.jpg","contentUrl":"https:\/\/www.textildruckimst.com\/wp-content\/uploads\/2025\/11\/cropped-image-1.jpg","width":335,"height":303,"caption":"Textildruck Imst GmbH"},"image":{"@id":"https:\/\/www.textildruckimst.com\/#\/schema\/logo\/image\/"}}]}},"_links":{"self":[{"href":"https:\/\/www.textildruckimst.com\/en\/wp-json\/wp\/v2\/pages\/200","targetHints":{"allow":["GET"]}}],"collection":[{"href":"https:\/\/www.textildruckimst.com\/en\/wp-json\/wp\/v2\/pages"}],"about":[{"href":"https:\/\/www.textildruckimst.com\/en\/wp-json\/wp\/v2\/types\/page"}],"author":[{"embeddable":true,"href":"https:\/\/www.textildruckimst.com\/en\/wp-json\/wp\/v2\/users\/1"}],"replies":[{"embeddable":true,"href":"https:\/\/www.textildruckimst.com\/en\/wp-json\/wp\/v2\/comments?post=200"}],"version-history":[{"count":67,"href":"https:\/\/www.textildruckimst.com\/en\/wp-json\/wp\/v2\/pages\/200\/revisions"}],"predecessor-version":[{"id":1564,"href":"https:\/\/www.textildruckimst.com\/en\/wp-json\/wp\/v2\/pages\/200\/revisions\/1564"}],"wp:attachment":[{"href":"https:\/\/www.textildruckimst.com\/en\/wp-json\/wp\/v2\/media?parent=200"}],"curies":[{"name":"wp","href":"https:\/\/api.w.org\/{rel}","templated":true}]}}