{"id":1745,"date":"2025-11-07T09:46:04","date_gmt":"2025-11-07T09:46:04","guid":{"rendered":"http:\/\/ottennextcloud.ath.cx:8080\/?page_id=1745"},"modified":"2025-11-24T10:02:52","modified_gmt":"2025-11-24T10:02:52","slug":"produktion","status":"publish","type":"page","link":"https:\/\/www.textildruckimst.com\/en\/produktion\/","title":{"rendered":"Production"},"content":{"rendered":"<div data-elementor-type=\"wp-page\" data-elementor-id=\"1745\" class=\"elementor elementor-1745\" data-elementor-post-type=\"page\">\n\t\t\t\t<div class=\"aux-parallax-section elementor-element elementor-element-1e306be e-flex e-con-boxed e-con e-parent\" data-id=\"1e306be\" data-element_type=\"container\" data-settings=\"{&quot;background_background&quot;:&quot;slideshow&quot;,&quot;section_parallax_on&quot;:&quot;yes&quot;,&quot;ep_parallax_bg_colors&quot;:&quot;yes&quot;,&quot;background_slideshow_gallery&quot;:[{&quot;id&quot;:1679,&quot;url&quot;:&quot;https:\\\/\\\/www.textildruckimst.com\\\/wp-content\\\/uploads\\\/2024\\\/08\\\/Otten-Produktionsbilder-14.jpg&quot;},{&quot;id&quot;:1681,&quot;url&quot;:&quot;https:\\\/\\\/www.textildruckimst.com\\\/wp-content\\\/uploads\\\/2024\\\/08\\\/Otten-Produktionsbilder-16.jpg&quot;},{&quot;id&quot;:1680,&quot;url&quot;:&quot;https:\\\/\\\/www.textildruckimst.com\\\/wp-content\\\/uploads\\\/2024\\\/08\\\/Otten-Produktionsbilder-15.jpg&quot;},{&quot;id&quot;:1676,&quot;url&quot;:&quot;https:\\\/\\\/www.textildruckimst.com\\\/wp-content\\\/uploads\\\/2024\\\/08\\\/Otten-Produktionsbilder-11.jpg&quot;},{&quot;id&quot;:1675,&quot;url&quot;:&quot;https:\\\/\\\/www.textildruckimst.com\\\/wp-content\\\/uploads\\\/2024\\\/08\\\/Otten-Produktionsbilder-10.jpg&quot;},{&quot;id&quot;:1674,&quot;url&quot;:&quot;https:\\\/\\\/www.textildruckimst.com\\\/wp-content\\\/uploads\\\/2024\\\/08\\\/Otten-Produktionsbilder-009.jpg&quot;},{&quot;id&quot;:1672,&quot;url&quot;:&quot;https:\\\/\\\/www.textildruckimst.com\\\/wp-content\\\/uploads\\\/2024\\\/08\\\/Otten-Produktionsbilder-007.jpg&quot;},{&quot;id&quot;:1670,&quot;url&quot;:&quot;https:\\\/\\\/www.textildruckimst.com\\\/wp-content\\\/uploads\\\/2024\\\/08\\\/Otten-Produktionsbilder-005.jpg&quot;},{&quot;id&quot;:1669,&quot;url&quot;:&quot;https:\\\/\\\/www.textildruckimst.com\\\/wp-content\\\/uploads\\\/2024\\\/08\\\/Otten-Produktionsbilder-004.jpg&quot;},{&quot;id&quot;:1668,&quot;url&quot;:&quot;https:\\\/\\\/www.textildruckimst.com\\\/wp-content\\\/uploads\\\/2024\\\/08\\\/Otten-Produktionsbilder-003.jpg&quot;}],&quot;background_slideshow_transition_duration&quot;:3000,&quot;background_slideshow_slide_duration&quot;:1500,&quot;background_slideshow_loop&quot;:&quot;yes&quot;,&quot;background_slideshow_slide_transition&quot;:&quot;fade&quot;}\">\n\t\t\t\t\t<div class=\"e-con-inner\">\n\t\t\t\t\t<\/div>\n\t\t\t\t<\/div>\n\t\t<div class=\"aux-parallax-section elementor-element elementor-element-46e433e e-flex e-con-boxed e-con e-parent\" data-id=\"46e433e\" data-element_type=\"container\" data-settings=\"{&quot;background_background&quot;:&quot;classic&quot;}\">\n\t\t\t\t\t<div class=\"e-con-inner\">\n\t\t\t\t<div class=\"elementor-element elementor-element-19e3bac elementor-widget elementor-widget-heading\" data-id=\"19e3bac\" data-element_type=\"widget\" data-widget_type=\"heading.default\">\n\t\t\t\t<div class=\"elementor-widget-container\">\n\t\t\t\t\t<h1 class=\"elementor-heading-title elementor-size-default\">Technology meets textile artistry \u2013 in every fiber, in every detail.<\/h1>\t\t\t\t<\/div>\n\t\t\t\t<\/div>\n\t\t\t\t<div class=\"elementor-element elementor-element-812df3c elementor-widget elementor-widget-text-editor\" data-id=\"812df3c\" data-element_type=\"widget\" data-widget_type=\"text-editor.default\">\n\t\t\t\t<div class=\"elementor-widget-container\">\n\t\t\t\t\t\t\t\t\t<div id=\"bgLayers_comp-kucfeflp\" class=\"MW5IWV\" data-hook=\"bgLayers\"><div id=\"bgMedia_comp-kucfeflp\" class=\"VgO9Yg\"><p>In order to meet the diverse and growing requirements, the machine park is constantly being expanded with machines that correspond to the latest state of the art. Our current investment is a state-of-the-art Pentek WANNY washing machine.<\/p><p>After reactive printing, washing is important\u2014it determines color brilliance, feel, and wash resistance. With Pentek WANNY, we achieve precise and uniform removal of unfixed dyes without damaging the fabric.<\/p><p>The continuous rope system ensures intensive flow and complete rinsing of each fabric panel. The fabric remains tension-free, colors retain their depth, and edges remain clearly defined.<\/p><p>Cause of the counterflow washing technology and reduced consumption of water and chemicals, we achieve consistent quality with shorter process times.<\/p><p>In addition to three digital printing machines, the machinery also offers the option of traditional rotary printing using pigment or reactive inks.<\/p><p>We print woven and knitted fabrics made of cotton, modal, viscose, silk, linen, ramie, and their various blends. Another area of our expertise lies in printing and finishing highly elastic jersey fabrics.<\/p><\/div><\/div>\t\t\t\t\t\t\t\t<\/div>\n\t\t\t\t<\/div>\n\t\t\t\t<div class=\"elementor-element elementor-element-35ae0b8 elementor-arrows-position-inside elementor-widget elementor-widget-image-carousel\" data-id=\"35ae0b8\" data-element_type=\"widget\" data-settings=\"{&quot;slides_to_show&quot;:&quot;1&quot;,&quot;navigation&quot;:&quot;arrows&quot;,&quot;effect&quot;:&quot;fade&quot;,&quot;autoplay&quot;:&quot;yes&quot;,&quot;pause_on_hover&quot;:&quot;yes&quot;,&quot;pause_on_interaction&quot;:&quot;yes&quot;,&quot;autoplay_speed&quot;:5000,&quot;infinite&quot;:&quot;yes&quot;,&quot;speed&quot;:500}\" data-widget_type=\"image-carousel.default\">\n\t\t\t\t<div class=\"elementor-widget-container\">\n\t\t\t\t\t\t\t<div class=\"elementor-image-carousel-wrapper swiper\" role=\"region\" aria-roledescription=\"carousel\" aria-label=\"Bild Karussell\" dir=\"ltr\">\n\t\t\t<div class=\"elementor-image-carousel swiper-wrapper swiper-image-stretch\" aria-live=\"off\">\n\t\t\t\t\t\t\t\t<div class=\"swiper-slide\" role=\"group\" aria-roledescription=\"slide\" aria-label=\"1 of 2\" data-no-translation-aria-label=\"\"><figure class=\"swiper-slide-inner\"><img decoding=\"async\" class=\"swiper-slide-image\" src=\"https:\/\/www.textildruckimst.com\/wp-content\/uploads\/2025\/11\/Wanny-2.jpg\" alt=\"Wanny-2\" \/><\/figure><\/div><div class=\"swiper-slide\" role=\"group\" aria-roledescription=\"slide\" aria-label=\"2 of 2\" data-no-translation-aria-label=\"\"><figure class=\"swiper-slide-inner\"><img decoding=\"async\" class=\"swiper-slide-image\" src=\"https:\/\/www.textildruckimst.com\/wp-content\/uploads\/2025\/11\/Wanny-3.jpg\" alt=\"Wanny-3\" \/><\/figure><\/div>\t\t\t<\/div>\n\t\t\t\t\t\t\t\t\t\t\t\t<div class=\"elementor-swiper-button elementor-swiper-button-prev\" role=\"button\" tabindex=\"0\">\n\t\t\t\t\t\t<svg aria-hidden=\"true\" class=\"e-font-icon-svg e-eicon-chevron-left\" viewbox=\"0 0 1000 1000\" xmlns=\"http:\/\/www.w3.org\/2000\/svg\"><path d=\"M646 125C629 125 613 133 604 142L308 442C296 454 292 471 292 487 292 504 296 521 308 533L604 854C617 867 629 875 646 875 663 875 679 871 692 858 704 846 713 829 713 812 713 796 708 779 692 767L438 487 692 225C700 217 708 204 708 187 708 171 704 154 692 142 675 129 663 125 646 125Z\"><\/path><\/svg>\t\t\t\t\t<\/div>\n\t\t\t\t\t<div class=\"elementor-swiper-button elementor-swiper-button-next\" role=\"button\" tabindex=\"0\">\n\t\t\t\t\t\t<svg aria-hidden=\"true\" class=\"e-font-icon-svg e-eicon-chevron-right\" viewbox=\"0 0 1000 1000\" xmlns=\"http:\/\/www.w3.org\/2000\/svg\"><path d=\"M696 533C708 521 713 504 713 487 713 471 708 454 696 446L400 146C388 133 375 125 354 125 338 125 325 129 313 142 300 154 292 171 292 187 292 204 296 221 308 233L563 492 304 771C292 783 288 800 288 817 288 833 296 850 308 863 321 871 338 875 354 875 371 875 388 867 400 854L696 533Z\"><\/path><\/svg>\t\t\t\t\t<\/div>\n\t\t\t\t\n\t\t\t\t\t\t\t\t\t<\/div>\n\t\t\t\t\t\t<\/div>\n\t\t\t\t<\/div>\n\t\t\t\t<div class=\"elementor-element elementor-element-dee472e elementor-widget-divider--view-line elementor-widget elementor-widget-divider\" data-id=\"dee472e\" data-element_type=\"widget\" data-widget_type=\"divider.default\">\n\t\t\t\t<div class=\"elementor-widget-container\">\n\t\t\t\t\t\t\t<div class=\"elementor-divider\">\n\t\t\t<span class=\"elementor-divider-separator\">\n\t\t\t\t\t\t<\/span>\n\t\t<\/div>\n\t\t\t\t\t\t<\/div>\n\t\t\t\t<\/div>\n\t\t\t\t<div class=\"elementor-element elementor-element-f11981c elementor-widget elementor-widget-text-editor\" data-id=\"f11981c\" data-element_type=\"widget\" data-widget_type=\"text-editor.default\">\n\t\t\t\t<div class=\"elementor-widget-container\">\n\t\t\t\t\t\t\t\t\t<div id=\"bgLayers_comp-kucfeflp\" class=\"MW5IWV\" data-hook=\"bgLayers\"><div id=\"bgMedia_comp-kucfeflp\" class=\"VgO9Yg\"><p style=\"letter-spacing: 0.6px\">Eingebettet in die wundersch\u00f6ne Tiroler Landschaft f\u00fchlen wir uns dazu verpflichtet, diese Natur und die Ressourcen zu sch\u00fctzen und zu erhalten.Aus diesem Grund ist unsere Produktion auf Nachhaltigkeit eingestellt.<\/p><p style=\"letter-spacing: 0.6px\">\u2022 Verwendung von zu 100% erneuerbarem Strom aus hauseigener Photovoltaik-Anlage und CO\u00b2-freier heimischer Wasserkraft<\/p><p style=\"letter-spacing: 0.6px\">\u2022 Wiederverwendung von Brauchwasser durch Wasserkreisl\u00e4ufe<\/p><p style=\"letter-spacing: 0.6px\">\u2022 Vorkl\u00e4rung der Abw\u00e4sser auf eigenem Betriebsgel\u00e4nde noch vor der Einleitung in die \u00f6ffentliche Kl\u00e4ranlage<\/p><p style=\"letter-spacing: 0.6px\">\u2022 Wiederaufbereitung von Restfarben<\/p><p style=\"letter-spacing: 0.6px\">\u2022 Flottenminimierung durch Sparchassis<\/p><p style=\"letter-spacing: 0.6px\">\u2022 Ausschlie\u00dfliche Verwendung von Farbstoffen und Chemikalien, die durch OEKO-TEX Standard 100 \/ GOTS zertifiziert sind<\/p><p style=\"letter-spacing: 0.6px\">\u2022 Fokus auf digitale Drucktechnologie, die hinsichtlich Wasserverbrauch, Energie und Restfarben deutlich umweltfreundlicher ist<\/p><p style=\"letter-spacing: 0.6px\">\u2022 Regelm\u00e4\u00dfige Pr\u00fcfung der ausgesto\u00dfenen Emissionen, in enger Abstimmung mit der Umweltbeh\u00f6rde<\/p><\/div><\/div>\t\t\t\t\t\t\t\t<\/div>\n\t\t\t\t<\/div>\n\t\t\t\t<div class=\"elementor-element elementor-element-9d2bedd elementor-widget elementor-widget-heading\" data-id=\"9d2bedd\" data-element_type=\"widget\" data-widget_type=\"heading.default\">\n\t\t\t\t<div class=\"elementor-widget-container\">\n\t\t\t\t\t<h1 class=\"elementor-heading-title elementor-size-default\">ZERTIFIZIERUNG<\/h1>\t\t\t\t<\/div>\n\t\t\t\t<\/div>\n\t\t\t\t<div class=\"elementor-element elementor-element-6fa4a3c elementor-widget elementor-widget-text-editor\" data-id=\"6fa4a3c\" data-element_type=\"widget\" data-widget_type=\"text-editor.default\">\n\t\t\t\t<div class=\"elementor-widget-container\">\n\t\t\t\t\t\t\t\t\t<div id=\"bgLayers_comp-kucfeflp\" class=\"MW5IWV\" data-hook=\"bgLayers\">\n<div id=\"bgMedia_comp-kucfeflp\" class=\"VgO9Yg\">\n<p data-start=\"94\" data-end=\"429\">Unsere Produktion schlie\u00dft alle bedenklichen chemischen Verfahren aus. Wir sind sowohl nach OEKO-TEX\u00ae Standard 100, als auch nach GOTS zertifiziert. Seit Januar 2024 haben wir die OEKO-TEX\u00ae STeP Zertifizierung erhalten, um mit unseren wichtigsten Partnern f\u00fcr die komplette Lieferkette eine nachhaltige Arbeitsweise zu gew\u00e4hrleisten.<\/p>\n<p data-start=\"433\" data-end=\"660\">\u2022 Der OEKO-TEX\u00ae Standard 100 ist ein Pr\u00fcf- und Zertifizierungssystem f\u00fcr Textilien. Es zeigt dem K\u00e4ufer, dass die mit diesem Etikett versehenen Textilprodukte Grenzwerte f\u00fcr bestimmte gesundheitsgef\u00e4hrdende Schadstoffe einhalten.<\/p>\n<p data-start=\"664\" data-end=\"1018\">\u2022 GOTS (Global Organic Textile Standard) ist ein Qualit\u00e4tssiegel f\u00fcr hochwertige, konsequent \u00f6kologische und sozialvertr\u00e4gliche Textilien. Es gilt als der f\u00fchrende Standard f\u00fcr Textilien aus Bio-Fasern weltweit. Es definiert hohe \u00f6kologische Kriterien entlang der gesamten Lieferkette von Bio-Textilien und verlangt zudem die Einhaltung sozialer Kriterien.<\/p>\n<p data-start=\"1022\" data-end=\"1317\">\u2022 OEKO-TEX\u00ae STeP (&#8222;Sustainable Textile and Leather Production&#8220;) unabh\u00e4ngiges Zertifizierungssystem f\u00fcr Produktionsst\u00e4tten entlang der Textillieferketten, die ihre umweltfreundlichen Herstellungsprozesse und sozialvertr\u00e4glichen Arbeitsbedingungen sicherstellen und transparent kommunizieren wollen.<\/p>\n<\/div>\n<\/div>\t\t\t\t\t\t\t\t<\/div>\n\t\t\t\t<\/div>\n\t\t\t\t<div class=\"elementor-element elementor-element-5df14cf elementor-align-center elementor-widget elementor-widget-button\" data-id=\"5df14cf\" data-element_type=\"widget\" data-widget_type=\"button.default\">\n\t\t\t\t<div class=\"elementor-widget-container\">\n\t\t\t\t\t\t\t\t\t<div class=\"elementor-button-wrapper\">\n\t\t\t\t\t<a class=\"elementor-button elementor-button-link elementor-size-xl\" href=\"https:\/\/www.textildruckimst.com\/en\/kontakt\/\">\n\t\t\t\t\t\t<span class=\"elementor-button-content-wrapper\">\n\t\t\t\t\t\t\t\t\t<span class=\"elementor-button-text\">Please get in touch<\/span>\n\t\t\t\t\t<\/span>\n\t\t\t\t\t<\/a>\n\t\t\t\t<\/div>\n\t\t\t\t\t\t\t\t<\/div>\n\t\t\t\t<\/div>\n\t\t\t\t\t<\/div>\n\t\t\t\t<\/div>\n\t\t\t\t<\/div>","protected":false},"excerpt":{"rendered":"<p>Technik trifft Textilkunst \u2013 in jeder Faser, in jedem Detail. Um den vielseitigen und gewachsenen Anforderungen gerecht zu werden, wird der Maschinenpark stetig mit Maschinen, die dem Neuesten technologischen Stand entsprechen, erweitert. Unsere aktuelle Investition ist eine hochmoderne Waschmaschine Pentek WANNY. Nach dem Reaktivdruck z\u00e4hlt die Auswaschung \u2013 sie entscheidet \u00fcber Farbbrillanz, Griff und Waschbest\u00e4ndigkeit. [&hellip;]<\/p>","protected":false},"author":1,"featured_media":0,"parent":0,"menu_order":0,"comment_status":"closed","ping_status":"closed","template":"elementor_header_footer","meta":{"footnotes":""},"class_list":["post-1745","page","type-page","status-publish","hentry"],"yoast_head":"<!-- This site is optimized with the Yoast SEO plugin v26.6 - https:\/\/yoast.com\/wordpress\/plugins\/seo\/ -->\n<title>Produktion - Textildruck Imst GmbH<\/title>\n<meta name=\"robots\" content=\"index, follow, max-snippet:-1, max-image-preview:large, max-video-preview:-1\" \/>\n<link rel=\"canonical\" href=\"https:\/\/www.textildruckimst.com\/en\/produktion\/\" \/>\n<meta property=\"og:locale\" content=\"en_GB\" \/>\n<meta property=\"og:type\" content=\"article\" \/>\n<meta property=\"og:title\" content=\"Produktion - Textildruck Imst GmbH\" \/>\n<meta property=\"og:description\" content=\"Technik trifft Textilkunst \u2013 in jeder Faser, in jedem Detail. Um den vielseitigen und gewachsenen Anforderungen gerecht zu werden, wird der Maschinenpark stetig mit Maschinen, die dem Neuesten technologischen Stand entsprechen, erweitert. Unsere aktuelle Investition ist eine hochmoderne Waschmaschine Pentek WANNY. Nach dem Reaktivdruck z\u00e4hlt die Auswaschung \u2013 sie entscheidet \u00fcber Farbbrillanz, Griff und Waschbest\u00e4ndigkeit. [&hellip;]\" \/>\n<meta property=\"og:url\" content=\"https:\/\/www.textildruckimst.com\/en\/produktion\/\" \/>\n<meta property=\"og:site_name\" content=\"Textildruck Imst GmbH\" \/>\n<meta property=\"article:modified_time\" content=\"2025-11-24T10:02:52+00:00\" \/>\n<meta property=\"og:image\" content=\"https:\/\/www.textildruckimst.com\/wp-content\/uploads\/2025\/11\/Wanny-2.jpg\" \/>\n<meta name=\"twitter:card\" content=\"summary_large_image\" \/>\n<script type=\"application\/ld+json\" class=\"yoast-schema-graph\">{\"@context\":\"https:\/\/schema.org\",\"@graph\":[{\"@type\":\"WebPage\",\"@id\":\"https:\/\/www.textildruckimst.com\/produktion\/\",\"url\":\"https:\/\/www.textildruckimst.com\/produktion\/\",\"name\":\"Produktion - Textildruck Imst GmbH\",\"isPartOf\":{\"@id\":\"https:\/\/www.textildruckimst.com\/#website\"},\"primaryImageOfPage\":{\"@id\":\"https:\/\/www.textildruckimst.com\/produktion\/#primaryimage\"},\"image\":{\"@id\":\"https:\/\/www.textildruckimst.com\/produktion\/#primaryimage\"},\"thumbnailUrl\":\"https:\/\/www.textildruckimst.com\/wp-content\/uploads\/2025\/11\/Wanny-2.jpg\",\"datePublished\":\"2025-11-07T09:46:04+00:00\",\"dateModified\":\"2025-11-24T10:02:52+00:00\",\"breadcrumb\":{\"@id\":\"https:\/\/www.textildruckimst.com\/produktion\/#breadcrumb\"},\"inLanguage\":\"en-GB\",\"potentialAction\":[{\"@type\":\"ReadAction\",\"target\":[\"https:\/\/www.textildruckimst.com\/produktion\/\"]}]},{\"@type\":\"ImageObject\",\"inLanguage\":\"en-GB\",\"@id\":\"https:\/\/www.textildruckimst.com\/produktion\/#primaryimage\",\"url\":\"https:\/\/www.textildruckimst.com\/wp-content\/uploads\/2025\/11\/Wanny-2.jpg\",\"contentUrl\":\"https:\/\/www.textildruckimst.com\/wp-content\/uploads\/2025\/11\/Wanny-2.jpg\"},{\"@type\":\"BreadcrumbList\",\"@id\":\"https:\/\/www.textildruckimst.com\/produktion\/#breadcrumb\",\"itemListElement\":[{\"@type\":\"ListItem\",\"position\":1,\"name\":\"Startseite\",\"item\":\"https:\/\/www.textildruckimst.com\/\"},{\"@type\":\"ListItem\",\"position\":2,\"name\":\"Produktion\"}]},{\"@type\":\"WebSite\",\"@id\":\"https:\/\/www.textildruckimst.com\/#website\",\"url\":\"https:\/\/www.textildruckimst.com\/\",\"name\":\"Textildruck Imst GmbH\",\"description\":\"Stoffhersteller \u2013 H\u00f6chster Anspruch f\u00fcr Qualit\u00e4t und Umwelt. Hergestellt und zertifiziert in \u00d6sterreich.\",\"publisher\":{\"@id\":\"https:\/\/www.textildruckimst.com\/#organization\"},\"potentialAction\":[{\"@type\":\"SearchAction\",\"target\":{\"@type\":\"EntryPoint\",\"urlTemplate\":\"https:\/\/www.textildruckimst.com\/?s={search_term_string}\"},\"query-input\":{\"@type\":\"PropertyValueSpecification\",\"valueRequired\":true,\"valueName\":\"search_term_string\"}}],\"inLanguage\":\"en-GB\"},{\"@type\":\"Organization\",\"@id\":\"https:\/\/www.textildruckimst.com\/#organization\",\"name\":\"Textildruck Imst GmbH\",\"url\":\"https:\/\/www.textildruckimst.com\/\",\"logo\":{\"@type\":\"ImageObject\",\"inLanguage\":\"en-GB\",\"@id\":\"https:\/\/www.textildruckimst.com\/#\/schema\/logo\/image\/\",\"url\":\"https:\/\/www.textildruckimst.com\/wp-content\/uploads\/2025\/11\/cropped-image-1.jpg\",\"contentUrl\":\"https:\/\/www.textildruckimst.com\/wp-content\/uploads\/2025\/11\/cropped-image-1.jpg\",\"width\":335,\"height\":303,\"caption\":\"Textildruck Imst GmbH\"},\"image\":{\"@id\":\"https:\/\/www.textildruckimst.com\/#\/schema\/logo\/image\/\"}}]}<\/script>\n<!-- \/ Yoast SEO plugin. -->","yoast_head_json":{"title":"Produktion - Textildruck Imst GmbH","robots":{"index":"index","follow":"follow","max-snippet":"max-snippet:-1","max-image-preview":"max-image-preview:large","max-video-preview":"max-video-preview:-1"},"canonical":"https:\/\/www.textildruckimst.com\/en\/produktion\/","og_locale":"en_GB","og_type":"article","og_title":"Produktion - Textildruck Imst GmbH","og_description":"Technik trifft Textilkunst \u2013 in jeder Faser, in jedem Detail. Um den vielseitigen und gewachsenen Anforderungen gerecht zu werden, wird der Maschinenpark stetig mit Maschinen, die dem Neuesten technologischen Stand entsprechen, erweitert. Unsere aktuelle Investition ist eine hochmoderne Waschmaschine Pentek WANNY. Nach dem Reaktivdruck z\u00e4hlt die Auswaschung \u2013 sie entscheidet \u00fcber Farbbrillanz, Griff und Waschbest\u00e4ndigkeit. [&hellip;]","og_url":"https:\/\/www.textildruckimst.com\/en\/produktion\/","og_site_name":"Textildruck Imst GmbH","article_modified_time":"2025-11-24T10:02:52+00:00","og_image":[{"url":"https:\/\/www.textildruckimst.com\/wp-content\/uploads\/2025\/11\/Wanny-2.jpg","type":"","width":"","height":""}],"twitter_card":"summary_large_image","schema":{"@context":"https:\/\/schema.org","@graph":[{"@type":"WebPage","@id":"https:\/\/www.textildruckimst.com\/produktion\/","url":"https:\/\/www.textildruckimst.com\/produktion\/","name":"Produktion - Textildruck Imst GmbH","isPartOf":{"@id":"https:\/\/www.textildruckimst.com\/#website"},"primaryImageOfPage":{"@id":"https:\/\/www.textildruckimst.com\/produktion\/#primaryimage"},"image":{"@id":"https:\/\/www.textildruckimst.com\/produktion\/#primaryimage"},"thumbnailUrl":"https:\/\/www.textildruckimst.com\/wp-content\/uploads\/2025\/11\/Wanny-2.jpg","datePublished":"2025-11-07T09:46:04+00:00","dateModified":"2025-11-24T10:02:52+00:00","breadcrumb":{"@id":"https:\/\/www.textildruckimst.com\/produktion\/#breadcrumb"},"inLanguage":"en-GB","potentialAction":[{"@type":"ReadAction","target":["https:\/\/www.textildruckimst.com\/produktion\/"]}]},{"@type":"ImageObject","inLanguage":"en-GB","@id":"https:\/\/www.textildruckimst.com\/produktion\/#primaryimage","url":"https:\/\/www.textildruckimst.com\/wp-content\/uploads\/2025\/11\/Wanny-2.jpg","contentUrl":"https:\/\/www.textildruckimst.com\/wp-content\/uploads\/2025\/11\/Wanny-2.jpg"},{"@type":"BreadcrumbList","@id":"https:\/\/www.textildruckimst.com\/produktion\/#breadcrumb","itemListElement":[{"@type":"ListItem","position":1,"name":"Startseite","item":"https:\/\/www.textildruckimst.com\/"},{"@type":"ListItem","position":2,"name":"Produktion"}]},{"@type":"WebSite","@id":"https:\/\/www.textildruckimst.com\/#website","url":"https:\/\/www.textildruckimst.com\/","name":"Textildruck Imst GmbH","description":"Stoffhersteller \u2013 H\u00f6chster Anspruch f\u00fcr Qualit\u00e4t und Umwelt. Hergestellt und zertifiziert in \u00d6sterreich.","publisher":{"@id":"https:\/\/www.textildruckimst.com\/#organization"},"potentialAction":[{"@type":"SearchAction","target":{"@type":"EntryPoint","urlTemplate":"https:\/\/www.textildruckimst.com\/?s={search_term_string}"},"query-input":{"@type":"PropertyValueSpecification","valueRequired":true,"valueName":"search_term_string"}}],"inLanguage":"en-GB"},{"@type":"Organization","@id":"https:\/\/www.textildruckimst.com\/#organization","name":"Textildruck Imst GmbH","url":"https:\/\/www.textildruckimst.com\/","logo":{"@type":"ImageObject","inLanguage":"en-GB","@id":"https:\/\/www.textildruckimst.com\/#\/schema\/logo\/image\/","url":"https:\/\/www.textildruckimst.com\/wp-content\/uploads\/2025\/11\/cropped-image-1.jpg","contentUrl":"https:\/\/www.textildruckimst.com\/wp-content\/uploads\/2025\/11\/cropped-image-1.jpg","width":335,"height":303,"caption":"Textildruck Imst GmbH"},"image":{"@id":"https:\/\/www.textildruckimst.com\/#\/schema\/logo\/image\/"}}]}},"_links":{"self":[{"href":"https:\/\/www.textildruckimst.com\/en\/wp-json\/wp\/v2\/pages\/1745","targetHints":{"allow":["GET"]}}],"collection":[{"href":"https:\/\/www.textildruckimst.com\/en\/wp-json\/wp\/v2\/pages"}],"about":[{"href":"https:\/\/www.textildruckimst.com\/en\/wp-json\/wp\/v2\/types\/page"}],"author":[{"embeddable":true,"href":"https:\/\/www.textildruckimst.com\/en\/wp-json\/wp\/v2\/users\/1"}],"replies":[{"embeddable":true,"href":"https:\/\/www.textildruckimst.com\/en\/wp-json\/wp\/v2\/comments?post=1745"}],"version-history":[{"count":35,"href":"https:\/\/www.textildruckimst.com\/en\/wp-json\/wp\/v2\/pages\/1745\/revisions"}],"predecessor-version":[{"id":2040,"href":"https:\/\/www.textildruckimst.com\/en\/wp-json\/wp\/v2\/pages\/1745\/revisions\/2040"}],"wp:attachment":[{"href":"https:\/\/www.textildruckimst.com\/en\/wp-json\/wp\/v2\/media?parent=1745"}],"curies":[{"name":"wp","href":"https:\/\/api.w.org\/{rel}","templated":true}]}}